{"id":11323,"date":"2019-01-04T15:52:03","date_gmt":"2019-01-04T14:52:03","guid":{"rendered":"https:\/\/www.chateau-realdor.fr\/exceptional-grape-varieties-of-the-estate-richness-of-our-wines\/"},"modified":"2019-01-09T17:19:43","modified_gmt":"2019-01-09T16:19:43","slug":"grape-variety","status":"publish","type":"page","link":"https:\/\/www.chateau-realdor.fr\/en\/grape-variety\/","title":{"rendered":"Exceptional grape varieties of our vineyard, richness of our wines"},"content":{"rendered":"<p>[vc_row row_content_width=&#8221;grid&#8221; content_text_aligment=&#8221;center&#8221; css=&#8221;.vc_custom_1492067965345{padding-top: 145px !important;padding-bottom: 60px !important;}&#8221;][vc_column]<div class=\"eltdf-section-title-holder\" >\n\t\t\t<h2 class=\"eltdf-st-title\" >\n\t\t\t<span>Our exceptional grape varieties<\/span>\n\t\t<\/h2>\n                    <div class=\"eltdf-st-separator clearfix\">\n                <div class=\"eltdf-separator\" ><\/div>\n            <\/div>\n        \t\t\t<\/div>[\/vc_column][\/vc_row][vc_row css=&#8221;.vc_custom_1491383183608{padding-bottom: 108px !important;}&#8221;][vc_column][vc_row_inner row_content_width=&#8221;grid&#8221; content_text_aligment=&#8221;center&#8221;][vc_column_inner offset=&#8221;vc_col-lg-4 vc_col-md-12&#8243;]<div class=\"eltdf-elements-holder eltdf-responsive-mode-768\" ><div class=\"eltdf-eh-item \" data-item-class=\"eltdf-eh-custom-521740\" data-1024-1280=\"0 18px 0 18px\" >\n\t<div class=\"eltdf-eh-item-inner\" >\n\t\t<div class=\"eltdf-eh-item-content eltdf-eh-custom-521740\" style=\"padding: 0 45px 0 45px\">\n\t\t\t[vc_single_image image=&#8221;10900&#8243; img_size=&#8221;&#8221; alignment=&#8221;center&#8221; css_animation=&#8221;fadeIn&#8221;][vc_column_text]<\/p>\n<h5 class=\"p1\"><span class=\"s1\">CABERNET SAUVIGNON<\/span><\/h5>\n<p>[\/vc_column_text][vc_column_text]<\/p>\n<h6><span style=\"color: #a29e0b;\">Bordelais<\/span><\/h6>\n<p>[\/vc_column_text][vc_empty_space height=&#8221;10px&#8221;][vc_column_text]<\/p>\n<p style=\"text-align: center;\">Originally from Bordeaux, this grape variety with a small bay, thick skin and very rich in tannins has a good aptitude for aging. The Cabernet Sauvignon is distinguished by its deep robe and its green pepper and blackcurrant nose. It brings to the wines a tannic and powerful structure. With its aromas of notes of black fruits, violets, and raspberries, the Cabernet Sauvignon produces distinguished wines, known for their persistence in the mouth.<\/p>\n<p>[\/vc_column_text][vc_empty_space]\t\t<\/div>\n\t<\/div>\n\t<\/div><\/div>[\/vc_column_inner][vc_column_inner offset=&#8221;vc_col-lg-4 vc_col-md-12&#8243;]<div class=\"eltdf-elements-holder eltdf-responsive-mode-768\" ><div class=\"eltdf-eh-item \" data-item-class=\"eltdf-eh-custom-927210\" data-1024-1280=\"0 15px 0 15px\" data-480=\"0 15px 0 15px\" >\n\t<div class=\"eltdf-eh-item-inner\" >\n\t\t<div class=\"eltdf-eh-item-content eltdf-eh-custom-927210\" style=\"padding: 0 50px 0 50px\">\n\t\t\t[vc_single_image image=&#8221;10903&#8243; img_size=&#8221;&#8221; alignment=&#8221;center&#8221; css_animation=&#8221;fadeIn&#8221;][vc_column_text]<\/p>\n<h5>CINSAULT<\/h5>\n<p>[\/vc_column_text][vc_column_text]<\/p>\n<h6><span style=\"color: #a29e0b;\">Provencal<\/span><\/h6>\n<p>[\/vc_column_text][vc_empty_space height=&#8221;10px&#8221;][vc_column_text]<\/p>\n<p class=\"p2\" style=\"text-align: center;\">Of Proven\u00e7al origin, this old black grape with white juice resists the drought. Very aromatic, this grape is very suitable for ros\u00e9 blends, where it brings its freshness and finesse, nuancing the power of others. Cinsault is a late grape variety that needs sunlight. Its large clusters with very juicy flesh gives low color and alcohol wines.<\/p>\n<p>[\/vc_column_text][vc_empty_space]\t\t<\/div>\n\t<\/div>\n\t<\/div><\/div>[\/vc_column_inner][vc_column_inner offset=&#8221;vc_col-lg-4 vc_col-md-12&#8243;]<div class=\"eltdf-elements-holder eltdf-responsive-mode-768\" ><div class=\"eltdf-eh-item \" data-item-class=\"eltdf-eh-custom-991798\" >\n\t<div class=\"eltdf-eh-item-inner\" >\n\t\t<div class=\"eltdf-eh-item-content eltdf-eh-custom-991798\" style=\"padding: 0 50px 0 50px\">\n\t\t\t[vc_single_image image=&#8221;10905&#8243; img_size=&#8221;&#8221; alignment=&#8221;center&#8221; css_animation=&#8221;fadeIn&#8221;][vc_column_text]<\/p>\n<h5>GRENACHE<\/h5>\n<p>[\/vc_column_text][vc_column_text]<\/p>\n<h6><span style=\"color: #a29e0b;\">Provencal<\/span><\/h6>\n<p>[\/vc_column_text][vc_empty_space height=&#8221;10px&#8221;][vc_column_text]<\/p>\n<p class=\"p1\" style=\"text-align: center;\"><span class=\"s1\">Appreciating warm and dry land, this Spanish grape offers a long keeping potential. In ros\u00e9 blends, Grenache brings power, body, length, and bouquet. Very productive, this variety gives a very sweet juice. Its elegant aromas of small red fruits evolve towards spicier and animal notes.<\/span><\/p>\n<p>[\/vc_column_text]\t\t<\/div>\n\t<\/div>\n\t<\/div><\/div>[\/vc_column_inner][\/vc_row_inner][vc_row_inner row_content_width=&#8221;grid&#8221; content_text_aligment=&#8221;center&#8221;][vc_column_inner offset=&#8221;vc_col-lg-4 vc_col-md-12&#8243;]<div class=\"eltdf-elements-holder eltdf-responsive-mode-768\" ><div class=\"eltdf-eh-item \" data-item-class=\"eltdf-eh-custom-104250\" data-1024-1280=\"0 18px 0 18px\" >\n\t<div class=\"eltdf-eh-item-inner\" >\n\t\t<div class=\"eltdf-eh-item-content eltdf-eh-custom-104250\" style=\"padding: 0 45px 0 45px\">\n\t\t\t[vc_single_image image=&#8221;10909&#8243; img_size=&#8221;&#8221; alignment=&#8221;center&#8221; css_animation=&#8221;fadeIn&#8221;][vc_column_text]<\/p>\n<h5 class=\"p1\"><span class=\"s1\">SYRAH<\/span><\/h5>\n<p>[\/vc_column_text][vc_column_text]<\/p>\n<h6><span style=\"color: #a29e0b;\">French and Swiss<\/span><\/h6>\n<p>[\/vc_column_text][vc_empty_space height=&#8221;10px&#8221;][vc_column_text]<\/p>\n<p class=\"p2\" style=\"text-align: center;\"><span class=\"s1\">Its black berries with bluish reflections give sweet and spicy juices. The Syrah develops a great fruity, floral, and spicy aromatic complexity. Slightly acid, it offers fine fruity ros\u00e9. Over the years, the Syrah reveals notes of vanilla, havana and candied red fruits.<\/span><\/p>\n<p>[\/vc_column_text][vc_empty_space]\t\t<\/div>\n\t<\/div>\n\t<\/div><\/div>[\/vc_column_inner][vc_column_inner offset=&#8221;vc_col-lg-4 vc_col-md-12&#8243;]<div class=\"eltdf-elements-holder eltdf-responsive-mode-768\" ><div class=\"eltdf-eh-item \" data-item-class=\"eltdf-eh-custom-650918\" data-1024-1280=\"0 15px 0 15px\" data-480=\"0 15px 0 15px\" >\n\t<div class=\"eltdf-eh-item-inner\" >\n\t\t<div class=\"eltdf-eh-item-content eltdf-eh-custom-650918\" style=\"padding: 0 50px 0 50px\">\n\t\t\t[vc_single_image image=&#8221;10912&#8243; img_size=&#8221;&#8221; alignment=&#8221;center&#8221; css_animation=&#8221;fadeIn&#8221;][vc_column_text]<\/p>\n<h5>ROLLE &#8211; VERMENTINO<\/h5>\n<p>[\/vc_column_text][vc_column_text]<\/p>\n<h6><span style=\"color: #a29e0b;\">Provencal<\/span><\/h6>\n<p>[\/vc_column_text][vc_empty_space height=&#8221;10px&#8221;][vc_column_text]<\/p>\n<div class=\"et_pb_row et_pb_row_1 et_pb_gutters1\">\n<div class=\"et_pb_column et_pb_column_2_3 et_pb_column_2 et_pb_css_mix_blend_mode_passthrough et-last-child\">\n<div class=\"et_pb_module et_pb_text et_pb_text_1 et_pb_bg_layout_light et_pb_text_align_left\">\n<div class=\"et_pb_text_inner\">\n<p class=\"p2\" style=\"text-align: center;\"><span class=\"s1\">The warm climates are favorable to this ancient Proven\u00e7al grape variety. Very resistant, the Rolle gives wines of great finesse of body and aromas. Appreciating aging in wood, this grape develops perfumes of citrus and pear. These white berries take a pink color when the grapes are ripe.<\/span><\/p>\n<\/div>\n<\/div>\n<\/div>\n<\/div>\n<p>[\/vc_column_text][vc_empty_space]\t\t<\/div>\n\t<\/div>\n\t<\/div><\/div>[\/vc_column_inner][vc_column_inner offset=&#8221;vc_col-lg-4 vc_col-md-12&#8243;][\/vc_column_inner][\/vc_row_inner][\/vc_column][\/vc_row]<\/p>\n","protected":false},"excerpt":{"rendered":"<p>[vc_row row_content_width=&#8221;grid&#8221; content_text_aligment=&#8221;center&#8221; css=&#8221;.vc_custom_1492067965345{padding-top: 145px !important;padding-bottom: 60px !important;}&#8221;][vc_column][\/vc_column][\/vc_row][vc_row css=&#8221;.vc_custom_1491383183608{padding-bottom: 108px !important;}&#8221;][vc_column][vc_row_inner row_content_width=&#8221;grid&#8221; content_text_aligment=&#8221;center&#8221;][vc_column_inner offset=&#8221;vc_col-lg-4 vc_col-md-12&#8243;][\/vc_column_inner][vc_column_inner offset=&#8221;vc_col-lg-4 vc_col-md-12&#8243;][\/vc_column_inner][vc_column_inner offset=&#8221;vc_col-lg-4 vc_col-md-12&#8243;][\/vc_column_inner][\/vc_row_inner][vc_row_inner row_content_width=&#8221;grid&#8221; content_text_aligment=&#8221;center&#8221;][vc_column_inner offset=&#8221;vc_col-lg-4 vc_col-md-12&#8243;][\/vc_column_inner][vc_column_inner offset=&#8221;vc_col-lg-4 vc_col-md-12&#8243;][\/vc_column_inner][vc_column_inner offset=&#8221;vc_col-lg-4 vc_col-md-12&#8243;][\/vc_column_inner][\/vc_row_inner][\/vc_column][\/vc_row]<\/p>\n","protected":false},"author":9,"featured_media":0,"parent":0,"menu_order":0,"comment_status":"closed","ping_status":"closed","template":"full-width.php","meta":{"footnotes":""},"yoast_head":"<!-- This site is optimized with the Yoast SEO plugin v19.13 - https:\/\/yoast.com\/wordpress\/plugins\/seo\/ -->\n<title>Exceptional grape varieties from Ch\u00e2teau R\u00e9al d&#039;Or, a wealth of our wines<\/title>\n<meta name=\"description\" content=\"Discover the varietals that make our wines unique. Cabernet Sauvignon, Cinsault, Grenache, Syrah, Rolle Vermentino, know-how since 1946.\" \/>\n<meta name=\"robots\" content=\"index, follow, max-snippet:-1, max-image-preview:large, max-video-preview:-1\" \/>\n<link rel=\"canonical\" href=\"https:\/\/www.chateau-realdor.fr\/grape-variety\/\" \/>\n<meta property=\"og:locale\" content=\"fr_FR\" \/>\n<meta property=\"og:type\" content=\"article\" \/>\n<meta property=\"og:title\" content=\"Exceptional grape varieties from Ch\u00e2teau R\u00e9al d&#039;Or, a wealth of our wines\" \/>\n<meta property=\"og:description\" content=\"Discover the varietals that make our wines unique. Cabernet Sauvignon, Cinsault, Grenache, Syrah, Rolle Vermentino, know-how since 1946.\" \/>\n<meta property=\"og:url\" content=\"https:\/\/www.chateau-realdor.fr\/en\/grape-variety\/\" \/>\n<meta property=\"og:site_name\" content=\"Chateau R\u00e9al d&#039;Or - C\u00f4tes de Provence\" \/>\n<meta property=\"article:publisher\" content=\"https:\/\/www.facebook.com\/people\/Chateau-Real-DOr-Gonfaron\/100087514419271\" \/>\n<meta property=\"article:modified_time\" content=\"2019-01-09T16:19:43+00:00\" \/>\n<meta name=\"twitter:card\" content=\"summary_large_image\" \/>\n<meta name=\"twitter:label1\" content=\"Dur\u00e9e de lecture estim\u00e9e\" \/>\n\t<meta name=\"twitter:data1\" content=\"4 minutes\" \/>\n<script type=\"application\/ld+json\" class=\"yoast-schema-graph\">{\"@context\":\"https:\/\/schema.org\",\"@graph\":[{\"@type\":\"WebPage\",\"@id\":\"https:\/\/www.chateau-realdor.fr\/en\/grape-variety\/\",\"url\":\"https:\/\/www.chateau-realdor.fr\/en\/grape-variety\/\",\"name\":\"Exceptional grape varieties from Ch\u00e2teau R\u00e9al d'Or, a wealth of our wines\",\"isPartOf\":{\"@id\":\"https:\/\/www.chateau-realdor.fr\/#website\"},\"datePublished\":\"2019-01-04T14:52:03+00:00\",\"dateModified\":\"2019-01-09T16:19:43+00:00\",\"description\":\"Discover the varietals that make our wines unique. Cabernet Sauvignon, Cinsault, Grenache, Syrah, Rolle Vermentino, know-how since 1946.\",\"breadcrumb\":{\"@id\":\"https:\/\/www.chateau-realdor.fr\/en\/grape-variety\/#breadcrumb\"},\"inLanguage\":\"fr-FR\",\"potentialAction\":[{\"@type\":\"ReadAction\",\"target\":[\"https:\/\/www.chateau-realdor.fr\/en\/grape-variety\/\"]}]},{\"@type\":\"BreadcrumbList\",\"@id\":\"https:\/\/www.chateau-realdor.fr\/en\/grape-variety\/#breadcrumb\",\"itemListElement\":[{\"@type\":\"ListItem\",\"position\":1,\"name\":\"Accueil\",\"item\":\"https:\/\/www.chateau-realdor.fr\/\"},{\"@type\":\"ListItem\",\"position\":2,\"name\":\"Exceptional grape varieties of our vineyard, richness of our wines\"}]},{\"@type\":\"WebSite\",\"@id\":\"https:\/\/www.chateau-realdor.fr\/#website\",\"url\":\"https:\/\/www.chateau-realdor.fr\/\",\"name\":\"Chateau R\u00e9al d&#039;Or - C\u00f4tes de Provence\",\"description\":\"D\u2019hier \u00e0 aujourd\u2019hui C\u2019est en 1946, que f\u00fbt plant\u00e9 les premi\u00e8res vignes du \u00ab Ch\u00e2teau R\u00e9al d\u2019Or \u00bb. Situ\u00e9 dans le triangle d\u2019or, au c\u0153ur de la plaine des Maures, notre domaine de 30 hectares plant\u00e9s est d\u2019un seul tenant.\",\"publisher\":{\"@id\":\"https:\/\/www.chateau-realdor.fr\/#organization\"},\"potentialAction\":[{\"@type\":\"SearchAction\",\"target\":{\"@type\":\"EntryPoint\",\"urlTemplate\":\"https:\/\/www.chateau-realdor.fr\/?s={search_term_string}\"},\"query-input\":\"required name=search_term_string\"}],\"inLanguage\":\"fr-FR\"},{\"@type\":\"Organization\",\"@id\":\"https:\/\/www.chateau-realdor.fr\/#organization\",\"name\":\"Ch\u00e2teau R\u00e9al d'Or\",\"url\":\"https:\/\/www.chateau-realdor.fr\/\",\"logo\":{\"@type\":\"ImageObject\",\"inLanguage\":\"fr-FR\",\"@id\":\"https:\/\/www.chateau-realdor.fr\/#\/schema\/logo\/image\/\",\"url\":\"https:\/\/www.chateau-realdor.fr\/wp-content\/uploads\/2019\/01\/logo-chateau-real-dor-gris.png\",\"contentUrl\":\"https:\/\/www.chateau-realdor.fr\/wp-content\/uploads\/2019\/01\/logo-chateau-real-dor-gris.png\",\"width\":350,\"height\":133,\"caption\":\"Ch\u00e2teau R\u00e9al d'Or\"},\"image\":{\"@id\":\"https:\/\/www.chateau-realdor.fr\/#\/schema\/logo\/image\/\"},\"sameAs\":[\"https:\/\/www.instagram.com\/chateau_realdor_gonfaron\/\",\"https:\/\/www.linkedin.com\/company\/chteau-ral-dor\/about\/\",\"https:\/\/www.facebook.com\/people\/Chateau-Real-DOr-Gonfaron\/100087514419271\"]}]}<\/script>\n<!-- \/ Yoast SEO plugin. -->","yoast_head_json":{"title":"Exceptional grape varieties from Ch\u00e2teau R\u00e9al d'Or, a wealth of our wines","description":"Discover the varietals that make our wines unique. Cabernet Sauvignon, Cinsault, Grenache, Syrah, Rolle Vermentino, know-how since 1946.","robots":{"index":"index","follow":"follow","max-snippet":"max-snippet:-1","max-image-preview":"max-image-preview:large","max-video-preview":"max-video-preview:-1"},"canonical":"https:\/\/www.chateau-realdor.fr\/grape-variety\/","og_locale":"fr_FR","og_type":"article","og_title":"Exceptional grape varieties from Ch\u00e2teau R\u00e9al d'Or, a wealth of our wines","og_description":"Discover the varietals that make our wines unique. Cabernet Sauvignon, Cinsault, Grenache, Syrah, Rolle Vermentino, know-how since 1946.","og_url":"https:\/\/www.chateau-realdor.fr\/en\/grape-variety\/","og_site_name":"Chateau R\u00e9al d&#039;Or - C\u00f4tes de Provence","article_publisher":"https:\/\/www.facebook.com\/people\/Chateau-Real-DOr-Gonfaron\/100087514419271","article_modified_time":"2019-01-09T16:19:43+00:00","twitter_card":"summary_large_image","twitter_misc":{"Dur\u00e9e de lecture estim\u00e9e":"4 minutes"},"schema":{"@context":"https:\/\/schema.org","@graph":[{"@type":"WebPage","@id":"https:\/\/www.chateau-realdor.fr\/en\/grape-variety\/","url":"https:\/\/www.chateau-realdor.fr\/en\/grape-variety\/","name":"Exceptional grape varieties from Ch\u00e2teau R\u00e9al d'Or, a wealth of our wines","isPartOf":{"@id":"https:\/\/www.chateau-realdor.fr\/#website"},"datePublished":"2019-01-04T14:52:03+00:00","dateModified":"2019-01-09T16:19:43+00:00","description":"Discover the varietals that make our wines unique. Cabernet Sauvignon, Cinsault, Grenache, Syrah, Rolle Vermentino, know-how since 1946.","breadcrumb":{"@id":"https:\/\/www.chateau-realdor.fr\/en\/grape-variety\/#breadcrumb"},"inLanguage":"fr-FR","potentialAction":[{"@type":"ReadAction","target":["https:\/\/www.chateau-realdor.fr\/en\/grape-variety\/"]}]},{"@type":"BreadcrumbList","@id":"https:\/\/www.chateau-realdor.fr\/en\/grape-variety\/#breadcrumb","itemListElement":[{"@type":"ListItem","position":1,"name":"Accueil","item":"https:\/\/www.chateau-realdor.fr\/"},{"@type":"ListItem","position":2,"name":"Exceptional grape varieties of our vineyard, richness of our wines"}]},{"@type":"WebSite","@id":"https:\/\/www.chateau-realdor.fr\/#website","url":"https:\/\/www.chateau-realdor.fr\/","name":"Chateau R\u00e9al d&#039;Or - C\u00f4tes de Provence","description":"D\u2019hier \u00e0 aujourd\u2019hui C\u2019est en 1946, que f\u00fbt plant\u00e9 les premi\u00e8res vignes du \u00ab Ch\u00e2teau R\u00e9al d\u2019Or \u00bb. Situ\u00e9 dans le triangle d\u2019or, au c\u0153ur de la plaine des Maures, notre domaine de 30 hectares plant\u00e9s est d\u2019un seul tenant.","publisher":{"@id":"https:\/\/www.chateau-realdor.fr\/#organization"},"potentialAction":[{"@type":"SearchAction","target":{"@type":"EntryPoint","urlTemplate":"https:\/\/www.chateau-realdor.fr\/?s={search_term_string}"},"query-input":"required name=search_term_string"}],"inLanguage":"fr-FR"},{"@type":"Organization","@id":"https:\/\/www.chateau-realdor.fr\/#organization","name":"Ch\u00e2teau R\u00e9al d'Or","url":"https:\/\/www.chateau-realdor.fr\/","logo":{"@type":"ImageObject","inLanguage":"fr-FR","@id":"https:\/\/www.chateau-realdor.fr\/#\/schema\/logo\/image\/","url":"https:\/\/www.chateau-realdor.fr\/wp-content\/uploads\/2019\/01\/logo-chateau-real-dor-gris.png","contentUrl":"https:\/\/www.chateau-realdor.fr\/wp-content\/uploads\/2019\/01\/logo-chateau-real-dor-gris.png","width":350,"height":133,"caption":"Ch\u00e2teau R\u00e9al d'Or"},"image":{"@id":"https:\/\/www.chateau-realdor.fr\/#\/schema\/logo\/image\/"},"sameAs":["https:\/\/www.instagram.com\/chateau_realdor_gonfaron\/","https:\/\/www.linkedin.com\/company\/chteau-ral-dor\/about\/","https:\/\/www.facebook.com\/people\/Chateau-Real-DOr-Gonfaron\/100087514419271"]}]}},"_links":{"self":[{"href":"https:\/\/www.chateau-realdor.fr\/en\/wp-json\/wp\/v2\/pages\/11323\/"}],"collection":[{"href":"https:\/\/www.chateau-realdor.fr\/en\/wp-json\/wp\/v2\/pages\/"}],"about":[{"href":"https:\/\/www.chateau-realdor.fr\/en\/wp-json\/wp\/v2\/types\/page\/"}],"author":[{"embeddable":true,"href":"https:\/\/www.chateau-realdor.fr\/en\/wp-json\/wp\/v2\/users\/9\/"}],"replies":[{"embeddable":true,"href":"https:\/\/www.chateau-realdor.fr\/en\/wp-json\/wp\/v2\/comments\/?post=11323"}],"version-history":[{"count":9,"href":"https:\/\/www.chateau-realdor.fr\/en\/wp-json\/wp\/v2\/pages\/11323\/revisions\/"}],"predecessor-version":[{"id":11396,"href":"https:\/\/www.chateau-realdor.fr\/en\/wp-json\/wp\/v2\/pages\/11323\/revisions\/11396\/"}],"wp:attachment":[{"href":"https:\/\/www.chateau-realdor.fr\/en\/wp-json\/wp\/v2\/media\/?parent=11323"}],"curies":[{"name":"wp","href":"https:\/\/api.w.org\/{rel}","templated":true}]}}