{"id":11255,"date":"2019-01-04T15:25:50","date_gmt":"2019-01-04T14:25:50","guid":{"rendered":"https:\/\/www.chateau-realdor.fr\/where-to-find-us\/"},"modified":"2019-01-09T17:25:41","modified_gmt":"2019-01-09T16:25:41","slug":"where-to-find-wine-real-dor","status":"publish","type":"page","link":"https:\/\/www.chateau-realdor.fr\/en\/where-to-find-wine-real-dor\/","title":{"rendered":"Where to find our wines ?"},"content":{"rendered":"<p>[vc_row][vc_column][vc_raw_html el_id=&#8221;mapcaves&#8221;]PGlmcmFtZSBzcmM9Imh0dHBzOi8vd3d3LmNoYXRlYXUtcmVhbGRvci5mci9tYXAvIj48L2lmcmFtZT4=[\/vc_raw_html][\/vc_column][\/vc_row][vc_row row_content_width=&#8221;grid&#8221; css=&#8221;.vc_custom_1490089580416{padding-top: 80px !important;padding-bottom: 83px !important;}&#8221;][vc_column]<div class=\"eltdf-elements-holder eltdf-responsive-mode-768\" ><div class=\"eltdf-eh-item eltdf-horizontal-alignment-center\" data-item-class=\"eltdf-eh-custom-793425\" data-1024-1280=\"0 33% 0\" data-768-1024=\"0 27% 0\" data-600-768=\"0 19% 0\" data-480=\"0 0% 0\" >\n\t<div class=\"eltdf-eh-item-inner\" >\n\t\t<div class=\"eltdf-eh-item-content eltdf-eh-custom-793425\" style=\"padding: 0 32% 0 32%\">\n\t\t\t<div class=\"eltdf-section-title-holder\" >\n\t\t\t<h2 class=\"eltdf-st-title\" >\n\t\t\t<span>PARTOUT AUTOUR DU MONDE<\/span>\n\t\t<\/h2>\n                    <div class=\"eltdf-st-separator clearfix\">\n                <div class=\"eltdf-separator\" ><\/div>\n            <\/div>\n        \t\t\t<\/div>[vc_column_text]Nos vins sont disponibles dans 5 pays repartis dans plusieurs r\u00e9gions du globe<\/p>\n<p>Principalement situ\u00e9s en France, les cavistes qui distribuent nos vins sont r\u00e9partis dans tout l\u2019hexagone. Quelques restaurateurs proposent \u00e9galement d\u2019accompagner leurs cr\u00e9ations de nos vins.<\/p>\n<p>Que vous soyez dans les Hauts-de-France, en r\u00e9gion Parisienne, en Corse ou encore dans les DOM-TOM, vous pouvez retrouver nos vins pr\u00e8s de chez vous.<\/p>\n<p>Nos vins sont \u00e9galement disponibles en Suisse au Royaume-Uni, dans de nombreux \u00e9tablissements aux \u00c9tats-Unis, ainsi qu&#8217;en C\u00f4te d&#8217;Ivoire.[\/vc_column_text][vc_empty_space height=&#8221;10px&#8221;]\t\t<\/div>\n\t<\/div>\n\t<\/div><\/div>[\/vc_column][\/vc_row][vc_row css=&#8221;.vc_custom_1546526399362{padding-top: 180px !important;background-image: url(https:\/\/www.chateau-realdor.fr\/wp-content\/uploads\/2019\/01\/chateau-nos-vins.jpg?id=11004) !important;}&#8221;][vc_column][vc_separator][\/vc_column][\/vc_row]<\/p>\n","protected":false},"excerpt":{"rendered":"<p>[vc_row][vc_column][vc_raw_html el_id=&#8221;mapcaves&#8221;]PGlmcmFtZSBzcmM9Imh0dHBzOi8vd3d3LmNoYXRlYXUtcmVhbGRvci5mci9tYXAvIj48L2lmcmFtZT4=[\/vc_raw_html][\/vc_column][\/vc_row][vc_row row_content_width=&#8221;grid&#8221; css=&#8221;.vc_custom_1490089580416{padding-top: 80px !important;padding-bottom: 83px !important;}&#8221;][vc_column][\/vc_column][\/vc_row][vc_row css=&#8221;.vc_custom_1546526399362{padding-top: 180px !important;background-image: url(https:\/\/www.chateau-realdor.fr\/wp-content\/uploads\/2019\/01\/chateau-nos-vins.jpg?id=11004) !important;}&#8221;][vc_column][vc_separator][\/vc_column][\/vc_row]<\/p>\n","protected":false},"author":9,"featured_media":0,"parent":0,"menu_order":0,"comment_status":"closed","ping_status":"closed","template":"full-width.php","meta":{"footnotes":""},"yoast_head":"<!-- This site is optimized with the Yoast SEO plugin v19.13 - https:\/\/yoast.com\/wordpress\/plugins\/seo\/ -->\n<title>Where to find Ch\u00e2teau R\u00e9al d&#039;Or wines, Monaco La Riviera and Le Rocher.<\/title>\n<meta name=\"description\" content=\"Discover where to find our wines Ch\u00e2teau R\u00e9al d&#039;Or, Monaco The Rock and The Riviera, in the shops and restaurants partners, everywhere in the world.\" \/>\n<meta name=\"robots\" content=\"index, follow, max-snippet:-1, max-image-preview:large, max-video-preview:-1\" \/>\n<link rel=\"canonical\" href=\"https:\/\/www.chateau-realdor.fr\/where-to-find-wine-real-dor\/\" \/>\n<meta property=\"og:locale\" content=\"fr_FR\" \/>\n<meta property=\"og:type\" content=\"article\" \/>\n<meta property=\"og:title\" content=\"Where to find Ch\u00e2teau R\u00e9al d&#039;Or wines, Monaco La Riviera and Le Rocher.\" \/>\n<meta property=\"og:description\" content=\"Discover where to find our wines Ch\u00e2teau R\u00e9al d&#039;Or, Monaco The Rock and The Riviera, in the shops and restaurants partners, everywhere in the world.\" \/>\n<meta property=\"og:url\" content=\"https:\/\/www.chateau-realdor.fr\/en\/where-to-find-wine-real-dor\/\" \/>\n<meta property=\"og:site_name\" content=\"Chateau R\u00e9al d&#039;Or - C\u00f4tes de Provence\" \/>\n<meta property=\"article:publisher\" content=\"https:\/\/www.facebook.com\/people\/Chateau-Real-DOr-Gonfaron\/100087514419271\" \/>\n<meta property=\"article:modified_time\" content=\"2019-01-09T16:25:41+00:00\" \/>\n<meta name=\"twitter:card\" content=\"summary_large_image\" \/>\n<meta name=\"twitter:label1\" content=\"Dur\u00e9e de lecture estim\u00e9e\" \/>\n\t<meta name=\"twitter:data1\" content=\"1 minute\" \/>\n<script type=\"application\/ld+json\" class=\"yoast-schema-graph\">{\"@context\":\"https:\/\/schema.org\",\"@graph\":[{\"@type\":\"WebPage\",\"@id\":\"https:\/\/www.chateau-realdor.fr\/en\/where-to-find-wine-real-dor\/\",\"url\":\"https:\/\/www.chateau-realdor.fr\/en\/where-to-find-wine-real-dor\/\",\"name\":\"Where to find Ch\u00e2teau R\u00e9al d'Or wines, Monaco La Riviera and Le Rocher.\",\"isPartOf\":{\"@id\":\"https:\/\/www.chateau-realdor.fr\/#website\"},\"datePublished\":\"2019-01-04T14:25:50+00:00\",\"dateModified\":\"2019-01-09T16:25:41+00:00\",\"description\":\"Discover where to find our wines Ch\u00e2teau R\u00e9al d'Or, Monaco The Rock and The Riviera, in the shops and restaurants partners, everywhere in the world.\",\"breadcrumb\":{\"@id\":\"https:\/\/www.chateau-realdor.fr\/en\/where-to-find-wine-real-dor\/#breadcrumb\"},\"inLanguage\":\"fr-FR\",\"potentialAction\":[{\"@type\":\"ReadAction\",\"target\":[\"https:\/\/www.chateau-realdor.fr\/en\/where-to-find-wine-real-dor\/\"]}]},{\"@type\":\"BreadcrumbList\",\"@id\":\"https:\/\/www.chateau-realdor.fr\/en\/where-to-find-wine-real-dor\/#breadcrumb\",\"itemListElement\":[{\"@type\":\"ListItem\",\"position\":1,\"name\":\"Accueil\",\"item\":\"https:\/\/www.chateau-realdor.fr\/\"},{\"@type\":\"ListItem\",\"position\":2,\"name\":\"Where to find our wines ?\"}]},{\"@type\":\"WebSite\",\"@id\":\"https:\/\/www.chateau-realdor.fr\/#website\",\"url\":\"https:\/\/www.chateau-realdor.fr\/\",\"name\":\"Chateau R\u00e9al d&#039;Or - C\u00f4tes de Provence\",\"description\":\"D\u2019hier \u00e0 aujourd\u2019hui C\u2019est en 1946, que f\u00fbt plant\u00e9 les premi\u00e8res vignes du \u00ab Ch\u00e2teau R\u00e9al d\u2019Or \u00bb. Situ\u00e9 dans le triangle d\u2019or, au c\u0153ur de la plaine des Maures, notre domaine de 30 hectares plant\u00e9s est d\u2019un seul tenant.\",\"publisher\":{\"@id\":\"https:\/\/www.chateau-realdor.fr\/#organization\"},\"potentialAction\":[{\"@type\":\"SearchAction\",\"target\":{\"@type\":\"EntryPoint\",\"urlTemplate\":\"https:\/\/www.chateau-realdor.fr\/?s={search_term_string}\"},\"query-input\":\"required name=search_term_string\"}],\"inLanguage\":\"fr-FR\"},{\"@type\":\"Organization\",\"@id\":\"https:\/\/www.chateau-realdor.fr\/#organization\",\"name\":\"Ch\u00e2teau R\u00e9al d'Or\",\"url\":\"https:\/\/www.chateau-realdor.fr\/\",\"logo\":{\"@type\":\"ImageObject\",\"inLanguage\":\"fr-FR\",\"@id\":\"https:\/\/www.chateau-realdor.fr\/#\/schema\/logo\/image\/\",\"url\":\"https:\/\/www.chateau-realdor.fr\/wp-content\/uploads\/2019\/01\/logo-chateau-real-dor-gris.png\",\"contentUrl\":\"https:\/\/www.chateau-realdor.fr\/wp-content\/uploads\/2019\/01\/logo-chateau-real-dor-gris.png\",\"width\":350,\"height\":133,\"caption\":\"Ch\u00e2teau R\u00e9al d'Or\"},\"image\":{\"@id\":\"https:\/\/www.chateau-realdor.fr\/#\/schema\/logo\/image\/\"},\"sameAs\":[\"https:\/\/www.instagram.com\/chateau_realdor_gonfaron\/\",\"https:\/\/www.linkedin.com\/company\/chteau-ral-dor\/about\/\",\"https:\/\/www.facebook.com\/people\/Chateau-Real-DOr-Gonfaron\/100087514419271\"]}]}<\/script>\n<!-- \/ Yoast SEO plugin. -->","yoast_head_json":{"title":"Where to find Ch\u00e2teau R\u00e9al d'Or wines, Monaco La Riviera and Le Rocher.","description":"Discover where to find our wines Ch\u00e2teau R\u00e9al d'Or, Monaco The Rock and The Riviera, in the shops and restaurants partners, everywhere in the world.","robots":{"index":"index","follow":"follow","max-snippet":"max-snippet:-1","max-image-preview":"max-image-preview:large","max-video-preview":"max-video-preview:-1"},"canonical":"https:\/\/www.chateau-realdor.fr\/where-to-find-wine-real-dor\/","og_locale":"fr_FR","og_type":"article","og_title":"Where to find Ch\u00e2teau R\u00e9al d'Or wines, Monaco La Riviera and Le Rocher.","og_description":"Discover where to find our wines Ch\u00e2teau R\u00e9al d'Or, Monaco The Rock and The Riviera, in the shops and restaurants partners, everywhere in the world.","og_url":"https:\/\/www.chateau-realdor.fr\/en\/where-to-find-wine-real-dor\/","og_site_name":"Chateau R\u00e9al d&#039;Or - C\u00f4tes de Provence","article_publisher":"https:\/\/www.facebook.com\/people\/Chateau-Real-DOr-Gonfaron\/100087514419271","article_modified_time":"2019-01-09T16:25:41+00:00","twitter_card":"summary_large_image","twitter_misc":{"Dur\u00e9e de lecture estim\u00e9e":"1 minute"},"schema":{"@context":"https:\/\/schema.org","@graph":[{"@type":"WebPage","@id":"https:\/\/www.chateau-realdor.fr\/en\/where-to-find-wine-real-dor\/","url":"https:\/\/www.chateau-realdor.fr\/en\/where-to-find-wine-real-dor\/","name":"Where to find Ch\u00e2teau R\u00e9al d'Or wines, Monaco La Riviera and Le Rocher.","isPartOf":{"@id":"https:\/\/www.chateau-realdor.fr\/#website"},"datePublished":"2019-01-04T14:25:50+00:00","dateModified":"2019-01-09T16:25:41+00:00","description":"Discover where to find our wines Ch\u00e2teau R\u00e9al d'Or, Monaco The Rock and The Riviera, in the shops and restaurants partners, everywhere in the world.","breadcrumb":{"@id":"https:\/\/www.chateau-realdor.fr\/en\/where-to-find-wine-real-dor\/#breadcrumb"},"inLanguage":"fr-FR","potentialAction":[{"@type":"ReadAction","target":["https:\/\/www.chateau-realdor.fr\/en\/where-to-find-wine-real-dor\/"]}]},{"@type":"BreadcrumbList","@id":"https:\/\/www.chateau-realdor.fr\/en\/where-to-find-wine-real-dor\/#breadcrumb","itemListElement":[{"@type":"ListItem","position":1,"name":"Accueil","item":"https:\/\/www.chateau-realdor.fr\/"},{"@type":"ListItem","position":2,"name":"Where to find our wines ?"}]},{"@type":"WebSite","@id":"https:\/\/www.chateau-realdor.fr\/#website","url":"https:\/\/www.chateau-realdor.fr\/","name":"Chateau R\u00e9al d&#039;Or - C\u00f4tes de Provence","description":"D\u2019hier \u00e0 aujourd\u2019hui C\u2019est en 1946, que f\u00fbt plant\u00e9 les premi\u00e8res vignes du \u00ab Ch\u00e2teau R\u00e9al d\u2019Or \u00bb. Situ\u00e9 dans le triangle d\u2019or, au c\u0153ur de la plaine des Maures, notre domaine de 30 hectares plant\u00e9s est d\u2019un seul tenant.","publisher":{"@id":"https:\/\/www.chateau-realdor.fr\/#organization"},"potentialAction":[{"@type":"SearchAction","target":{"@type":"EntryPoint","urlTemplate":"https:\/\/www.chateau-realdor.fr\/?s={search_term_string}"},"query-input":"required name=search_term_string"}],"inLanguage":"fr-FR"},{"@type":"Organization","@id":"https:\/\/www.chateau-realdor.fr\/#organization","name":"Ch\u00e2teau R\u00e9al d'Or","url":"https:\/\/www.chateau-realdor.fr\/","logo":{"@type":"ImageObject","inLanguage":"fr-FR","@id":"https:\/\/www.chateau-realdor.fr\/#\/schema\/logo\/image\/","url":"https:\/\/www.chateau-realdor.fr\/wp-content\/uploads\/2019\/01\/logo-chateau-real-dor-gris.png","contentUrl":"https:\/\/www.chateau-realdor.fr\/wp-content\/uploads\/2019\/01\/logo-chateau-real-dor-gris.png","width":350,"height":133,"caption":"Ch\u00e2teau R\u00e9al d'Or"},"image":{"@id":"https:\/\/www.chateau-realdor.fr\/#\/schema\/logo\/image\/"},"sameAs":["https:\/\/www.instagram.com\/chateau_realdor_gonfaron\/","https:\/\/www.linkedin.com\/company\/chteau-ral-dor\/about\/","https:\/\/www.facebook.com\/people\/Chateau-Real-DOr-Gonfaron\/100087514419271"]}]}},"_links":{"self":[{"href":"https:\/\/www.chateau-realdor.fr\/en\/wp-json\/wp\/v2\/pages\/11255\/"}],"collection":[{"href":"https:\/\/www.chateau-realdor.fr\/en\/wp-json\/wp\/v2\/pages\/"}],"about":[{"href":"https:\/\/www.chateau-realdor.fr\/en\/wp-json\/wp\/v2\/types\/page\/"}],"author":[{"embeddable":true,"href":"https:\/\/www.chateau-realdor.fr\/en\/wp-json\/wp\/v2\/users\/9\/"}],"replies":[{"embeddable":true,"href":"https:\/\/www.chateau-realdor.fr\/en\/wp-json\/wp\/v2\/comments\/?post=11255"}],"version-history":[{"count":10,"href":"https:\/\/www.chateau-realdor.fr\/en\/wp-json\/wp\/v2\/pages\/11255\/revisions\/"}],"predecessor-version":[{"id":11399,"href":"https:\/\/www.chateau-realdor.fr\/en\/wp-json\/wp\/v2\/pages\/11255\/revisions\/11399\/"}],"wp:attachment":[{"href":"https:\/\/www.chateau-realdor.fr\/en\/wp-json\/wp\/v2\/media\/?parent=11255"}],"curies":[{"name":"wp","href":"https:\/\/api.w.org\/{rel}","templated":true}]}}