{"id":11250,"date":"2019-01-04T15:02:54","date_gmt":"2019-01-04T14:02:54","guid":{"rendered":"https:\/\/www.chateau-realdor.fr\/domain-cellar-an-exceptional-winemaking\/"},"modified":"2019-01-09T17:12:19","modified_gmt":"2019-01-09T16:12:19","slug":"winery-tour","status":"publish","type":"page","link":"https:\/\/www.chateau-realdor.fr\/en\/winery-tour\/","title":{"rendered":"Our winery, an exceptional winemaking"},"content":{"rendered":"<p>[vc_row row_type=&#8221;parallax&#8221; content_text_aligment=&#8221;center&#8221; parallax_background_image=&#8221;11032&#8243; css=&#8221;.vc_custom_1546528880239{padding-top: 10px !important;}&#8221;][vc_column css=&#8221;.vc_custom_1474285720223{padding-top: 0px !important;}&#8221;]<div class=\"eltdf-elements-holder eltdf-responsive-mode-768\" ><div class=\"eltdf-eh-item \" data-item-class=\"eltdf-eh-custom-911291\" data-1280-1600=\"111px 20% 120px 20%\" data-1024-1280=\"111px 15% 120px 15%\" data-768-1024=\"111px 6% 120px 6%\" data-600-768=\"111px 6% 120px 6%\" data-480-600=\"111px 5% 120px 5%\" data-480=\"111px 5% 120px 5%\" >\n\t<div class=\"eltdf-eh-item-inner\" >\n\t\t<div class=\"eltdf-eh-item-content eltdf-eh-custom-911291\" style=\"padding: 111px 26% 120px 26%\">\n\t\t\t[vc_empty_space height=&#8221;60px&#8221;]<div class=\"eltdf-section-title-holder\" >\n\t\t\t<h2 class=\"eltdf-st-title\" style=\"color: #ffffff\">\n\t\t\t<span>AN EXCEPTIONAL CELLAR<\/span>\n\t\t<\/h2>\n                    <div class=\"eltdf-st-separator clearfix\">\n                <div class=\"eltdf-separator\" ><\/div>\n            <\/div>\n        \t\t\t\t\t<p class=\"eltdf-st-text\" style=\"color: #ffffff\">The new cellar was built in 2011 with the utmost respect for environment. Designed by the Architect Antoine L\u00e9v\u00eaque in a refined spirit, the building extends over a surface of 1000m\u00b2. A large part buried, giving our wines the silence and the darkness they need.<\/p>\n\t<\/div>[vc_empty_space height=&#8221;60px&#8221;]\t\t<\/div>\n\t<\/div>\n\t<\/div><\/div>[\/vc_column][\/vc_row][vc_row row_type=&#8221;parallax&#8221; content_text_aligment=&#8221;center&#8221; parallax_background_image=&#8221;11044&#8243; css=&#8221;.vc_custom_1546529388778{padding-top: 5px !important;}&#8221;][vc_column css=&#8221;.vc_custom_1474285720223{padding-top: 0px !important;}&#8221;]<div class=\"eltdf-elements-holder eltdf-responsive-mode-768\" ><div class=\"eltdf-eh-item \" data-item-class=\"eltdf-eh-custom-767855\" data-1280-1600=\"111px 20% 120px 20%\" data-1024-1280=\"111px 15% 120px 15%\" data-768-1024=\"111px 6% 120px 6%\" data-600-768=\"111px 6% 120px 6%\" data-480-600=\"111px 5% 120px 5%\" data-480=\"111px 5% 120px 5%\" >\n\t<div class=\"eltdf-eh-item-inner\" >\n\t\t<div class=\"eltdf-eh-item-content eltdf-eh-custom-767855\" style=\"padding: 111px 26% 120px 26%\">\n\t\t\t[vc_empty_space height=&#8221;60px&#8221;]<div class=\"eltdf-section-title-holder\" >\n\t\t\t<h2 class=\"eltdf-st-title\" >\n\t\t\t<span>ADVANCED EQUIPMENT<\/span>\n\t\t<\/h2>\n                    <div class=\"eltdf-st-separator clearfix\">\n                <div class=\"eltdf-separator\" style=\"border-color: #808080\"><\/div>\n            <\/div>\n        \t\t\t\t\t<p class=\"eltdf-st-text\" style=\"color: #808080\">Our cellar is of the most sophisticated. From vintage reception to bottling, our state-of-the-art equipment, process our vinification in the best conditions, preserving the richness of our terroir. Temperature and humidity are controlled continuously.<\/p>\n\t<\/div>[vc_empty_space height=&#8221;60px&#8221;]\t\t<\/div>\n\t<\/div>\n\t<\/div><\/div>[\/vc_column][\/vc_row][vc_row row_type=&#8221;parallax&#8221; content_text_aligment=&#8221;center&#8221; parallax_background_image=&#8221;11049&#8243; css=&#8221;.vc_custom_1546529494948{padding-top: 8px !important;}&#8221;][vc_column css=&#8221;.vc_custom_1474285720223{padding-top: 0px !important;}&#8221;]<div class=\"eltdf-elements-holder eltdf-responsive-mode-768\" ><div class=\"eltdf-eh-item \" data-item-class=\"eltdf-eh-custom-798414\" data-1280-1600=\"111px 20% 120px 20%\" data-1024-1280=\"111px 15% 120px 15%\" data-768-1024=\"111px 6% 120px 6%\" data-600-768=\"111px 6% 120px 6%\" data-480-600=\"111px 5% 120px 5%\" data-480=\"111px 5% 120px 5%\" >\n\t<div class=\"eltdf-eh-item-inner\" >\n\t\t<div class=\"eltdf-eh-item-content eltdf-eh-custom-798414\" style=\"padding: 111px 26% 120px 26%\">\n\t\t\t[vc_empty_space height=&#8221;60px&#8221;]<div class=\"eltdf-section-title-holder\" >\n\t\t\t<h2 class=\"eltdf-st-title\" style=\"color: #ffffff\">\n\t\t\t<span>GUARANTEED QUALITY<\/span>\n\t\t<\/h2>\n                    <div class=\"eltdf-st-separator clearfix\">\n                <div class=\"eltdf-separator\" ><\/div>\n            <\/div>\n        \t\t\t\t\t<p class=\"eltdf-st-text\" style=\"color: #ffffff\">After 12 months aging in French oak barrels, our red wines rest 12 months more in bottle, ensuring optimal tasting conditions. Our neutral gas bottling line allows us to keep control of the oxidation of the wine. It guarantees the quality of our product over time.<\/p>\n\t<\/div>[vc_empty_space height=&#8221;60px&#8221;]\t\t<\/div>\n\t<\/div>\n\t<\/div><\/div>[\/vc_column][\/vc_row]<\/p>\n","protected":false},"excerpt":{"rendered":"<p>[vc_row row_type=&#8221;parallax&#8221; content_text_aligment=&#8221;center&#8221; parallax_background_image=&#8221;11032&#8243; css=&#8221;.vc_custom_1546528880239{padding-top: 10px !important;}&#8221;][vc_column css=&#8221;.vc_custom_1474285720223{padding-top: 0px !important;}&#8221;][\/vc_column][\/vc_row][vc_row row_type=&#8221;parallax&#8221; content_text_aligment=&#8221;center&#8221; parallax_background_image=&#8221;11044&#8243; css=&#8221;.vc_custom_1546529388778{padding-top: 5px !important;}&#8221;][vc_column css=&#8221;.vc_custom_1474285720223{padding-top: 0px !important;}&#8221;][\/vc_column][\/vc_row][vc_row row_type=&#8221;parallax&#8221; content_text_aligment=&#8221;center&#8221; parallax_background_image=&#8221;11049&#8243; css=&#8221;.vc_custom_1546529494948{padding-top: 8px !important;}&#8221;][vc_column css=&#8221;.vc_custom_1474285720223{padding-top: 0px !important;}&#8221;][\/vc_column][\/vc_row]<\/p>\n","protected":false},"author":9,"featured_media":0,"parent":0,"menu_order":0,"comment_status":"closed","ping_status":"closed","template":"full-width.php","meta":{"footnotes":""},"yoast_head":"<!-- This site is optimized with the Yoast SEO plugin v19.13 - https:\/\/yoast.com\/wordpress\/plugins\/seo\/ -->\n<title>Ch\u00e2teau R\u00e9al d&#039;Or Domain cellar, an exceptional winemaking<\/title>\n<meta name=\"description\" content=\"Discover the secrets of our exceptional winery, winemaking in the best conditions to guarantee the quality of our wines over time\" \/>\n<meta name=\"robots\" content=\"index, follow, max-snippet:-1, max-image-preview:large, max-video-preview:-1\" \/>\n<link rel=\"canonical\" href=\"https:\/\/www.chateau-realdor.fr\/winery-tour\/\" \/>\n<meta property=\"og:locale\" content=\"fr_FR\" \/>\n<meta property=\"og:type\" content=\"article\" \/>\n<meta property=\"og:title\" content=\"Ch\u00e2teau R\u00e9al d&#039;Or Domain cellar, an exceptional winemaking\" \/>\n<meta property=\"og:description\" content=\"Discover the secrets of our exceptional winery, winemaking in the best conditions to guarantee the quality of our wines over time\" \/>\n<meta property=\"og:url\" content=\"https:\/\/www.chateau-realdor.fr\/en\/winery-tour\/\" \/>\n<meta property=\"og:site_name\" content=\"Chateau R\u00e9al d&#039;Or - C\u00f4tes de Provence\" \/>\n<meta property=\"article:publisher\" content=\"https:\/\/www.facebook.com\/people\/Chateau-Real-DOr-Gonfaron\/100087514419271\" \/>\n<meta property=\"article:modified_time\" content=\"2019-01-09T16:12:19+00:00\" \/>\n<meta name=\"twitter:card\" content=\"summary_large_image\" \/>\n<meta name=\"twitter:label1\" content=\"Dur\u00e9e de lecture estim\u00e9e\" \/>\n\t<meta name=\"twitter:data1\" content=\"2 minutes\" \/>\n<script type=\"application\/ld+json\" class=\"yoast-schema-graph\">{\"@context\":\"https:\/\/schema.org\",\"@graph\":[{\"@type\":\"WebPage\",\"@id\":\"https:\/\/www.chateau-realdor.fr\/en\/winery-tour\/\",\"url\":\"https:\/\/www.chateau-realdor.fr\/en\/winery-tour\/\",\"name\":\"Ch\u00e2teau R\u00e9al d'Or Domain cellar, an exceptional winemaking\",\"isPartOf\":{\"@id\":\"https:\/\/www.chateau-realdor.fr\/#website\"},\"datePublished\":\"2019-01-04T14:02:54+00:00\",\"dateModified\":\"2019-01-09T16:12:19+00:00\",\"description\":\"Discover the secrets of our exceptional winery, winemaking in the best conditions to guarantee the quality of our wines over time\",\"breadcrumb\":{\"@id\":\"https:\/\/www.chateau-realdor.fr\/en\/winery-tour\/#breadcrumb\"},\"inLanguage\":\"fr-FR\",\"potentialAction\":[{\"@type\":\"ReadAction\",\"target\":[\"https:\/\/www.chateau-realdor.fr\/en\/winery-tour\/\"]}]},{\"@type\":\"BreadcrumbList\",\"@id\":\"https:\/\/www.chateau-realdor.fr\/en\/winery-tour\/#breadcrumb\",\"itemListElement\":[{\"@type\":\"ListItem\",\"position\":1,\"name\":\"Accueil\",\"item\":\"https:\/\/www.chateau-realdor.fr\/\"},{\"@type\":\"ListItem\",\"position\":2,\"name\":\"Our winery, an exceptional winemaking\"}]},{\"@type\":\"WebSite\",\"@id\":\"https:\/\/www.chateau-realdor.fr\/#website\",\"url\":\"https:\/\/www.chateau-realdor.fr\/\",\"name\":\"Chateau R\u00e9al d&#039;Or - C\u00f4tes de Provence\",\"description\":\"D\u2019hier \u00e0 aujourd\u2019hui C\u2019est en 1946, que f\u00fbt plant\u00e9 les premi\u00e8res vignes du \u00ab Ch\u00e2teau R\u00e9al d\u2019Or \u00bb. Situ\u00e9 dans le triangle d\u2019or, au c\u0153ur de la plaine des Maures, notre domaine de 30 hectares plant\u00e9s est d\u2019un seul tenant.\",\"publisher\":{\"@id\":\"https:\/\/www.chateau-realdor.fr\/#organization\"},\"potentialAction\":[{\"@type\":\"SearchAction\",\"target\":{\"@type\":\"EntryPoint\",\"urlTemplate\":\"https:\/\/www.chateau-realdor.fr\/?s={search_term_string}\"},\"query-input\":\"required name=search_term_string\"}],\"inLanguage\":\"fr-FR\"},{\"@type\":\"Organization\",\"@id\":\"https:\/\/www.chateau-realdor.fr\/#organization\",\"name\":\"Ch\u00e2teau R\u00e9al d'Or\",\"url\":\"https:\/\/www.chateau-realdor.fr\/\",\"logo\":{\"@type\":\"ImageObject\",\"inLanguage\":\"fr-FR\",\"@id\":\"https:\/\/www.chateau-realdor.fr\/#\/schema\/logo\/image\/\",\"url\":\"https:\/\/www.chateau-realdor.fr\/wp-content\/uploads\/2019\/01\/logo-chateau-real-dor-gris.png\",\"contentUrl\":\"https:\/\/www.chateau-realdor.fr\/wp-content\/uploads\/2019\/01\/logo-chateau-real-dor-gris.png\",\"width\":350,\"height\":133,\"caption\":\"Ch\u00e2teau R\u00e9al d'Or\"},\"image\":{\"@id\":\"https:\/\/www.chateau-realdor.fr\/#\/schema\/logo\/image\/\"},\"sameAs\":[\"https:\/\/www.instagram.com\/chateau_realdor_gonfaron\/\",\"https:\/\/www.linkedin.com\/company\/chteau-ral-dor\/about\/\",\"https:\/\/www.facebook.com\/people\/Chateau-Real-DOr-Gonfaron\/100087514419271\"]}]}<\/script>\n<!-- \/ Yoast SEO plugin. -->","yoast_head_json":{"title":"Ch\u00e2teau R\u00e9al d'Or Domain cellar, an exceptional winemaking","description":"Discover the secrets of our exceptional winery, winemaking in the best conditions to guarantee the quality of our wines over time","robots":{"index":"index","follow":"follow","max-snippet":"max-snippet:-1","max-image-preview":"max-image-preview:large","max-video-preview":"max-video-preview:-1"},"canonical":"https:\/\/www.chateau-realdor.fr\/winery-tour\/","og_locale":"fr_FR","og_type":"article","og_title":"Ch\u00e2teau R\u00e9al d'Or Domain cellar, an exceptional winemaking","og_description":"Discover the secrets of our exceptional winery, winemaking in the best conditions to guarantee the quality of our wines over time","og_url":"https:\/\/www.chateau-realdor.fr\/en\/winery-tour\/","og_site_name":"Chateau R\u00e9al d&#039;Or - C\u00f4tes de Provence","article_publisher":"https:\/\/www.facebook.com\/people\/Chateau-Real-DOr-Gonfaron\/100087514419271","article_modified_time":"2019-01-09T16:12:19+00:00","twitter_card":"summary_large_image","twitter_misc":{"Dur\u00e9e de lecture estim\u00e9e":"2 minutes"},"schema":{"@context":"https:\/\/schema.org","@graph":[{"@type":"WebPage","@id":"https:\/\/www.chateau-realdor.fr\/en\/winery-tour\/","url":"https:\/\/www.chateau-realdor.fr\/en\/winery-tour\/","name":"Ch\u00e2teau R\u00e9al d'Or Domain cellar, an exceptional winemaking","isPartOf":{"@id":"https:\/\/www.chateau-realdor.fr\/#website"},"datePublished":"2019-01-04T14:02:54+00:00","dateModified":"2019-01-09T16:12:19+00:00","description":"Discover the secrets of our exceptional winery, winemaking in the best conditions to guarantee the quality of our wines over time","breadcrumb":{"@id":"https:\/\/www.chateau-realdor.fr\/en\/winery-tour\/#breadcrumb"},"inLanguage":"fr-FR","potentialAction":[{"@type":"ReadAction","target":["https:\/\/www.chateau-realdor.fr\/en\/winery-tour\/"]}]},{"@type":"BreadcrumbList","@id":"https:\/\/www.chateau-realdor.fr\/en\/winery-tour\/#breadcrumb","itemListElement":[{"@type":"ListItem","position":1,"name":"Accueil","item":"https:\/\/www.chateau-realdor.fr\/"},{"@type":"ListItem","position":2,"name":"Our winery, an exceptional winemaking"}]},{"@type":"WebSite","@id":"https:\/\/www.chateau-realdor.fr\/#website","url":"https:\/\/www.chateau-realdor.fr\/","name":"Chateau R\u00e9al d&#039;Or - C\u00f4tes de Provence","description":"D\u2019hier \u00e0 aujourd\u2019hui C\u2019est en 1946, que f\u00fbt plant\u00e9 les premi\u00e8res vignes du \u00ab Ch\u00e2teau R\u00e9al d\u2019Or \u00bb. Situ\u00e9 dans le triangle d\u2019or, au c\u0153ur de la plaine des Maures, notre domaine de 30 hectares plant\u00e9s est d\u2019un seul tenant.","publisher":{"@id":"https:\/\/www.chateau-realdor.fr\/#organization"},"potentialAction":[{"@type":"SearchAction","target":{"@type":"EntryPoint","urlTemplate":"https:\/\/www.chateau-realdor.fr\/?s={search_term_string}"},"query-input":"required name=search_term_string"}],"inLanguage":"fr-FR"},{"@type":"Organization","@id":"https:\/\/www.chateau-realdor.fr\/#organization","name":"Ch\u00e2teau R\u00e9al d'Or","url":"https:\/\/www.chateau-realdor.fr\/","logo":{"@type":"ImageObject","inLanguage":"fr-FR","@id":"https:\/\/www.chateau-realdor.fr\/#\/schema\/logo\/image\/","url":"https:\/\/www.chateau-realdor.fr\/wp-content\/uploads\/2019\/01\/logo-chateau-real-dor-gris.png","contentUrl":"https:\/\/www.chateau-realdor.fr\/wp-content\/uploads\/2019\/01\/logo-chateau-real-dor-gris.png","width":350,"height":133,"caption":"Ch\u00e2teau R\u00e9al d'Or"},"image":{"@id":"https:\/\/www.chateau-realdor.fr\/#\/schema\/logo\/image\/"},"sameAs":["https:\/\/www.instagram.com\/chateau_realdor_gonfaron\/","https:\/\/www.linkedin.com\/company\/chteau-ral-dor\/about\/","https:\/\/www.facebook.com\/people\/Chateau-Real-DOr-Gonfaron\/100087514419271"]}]}},"_links":{"self":[{"href":"https:\/\/www.chateau-realdor.fr\/en\/wp-json\/wp\/v2\/pages\/11250\/"}],"collection":[{"href":"https:\/\/www.chateau-realdor.fr\/en\/wp-json\/wp\/v2\/pages\/"}],"about":[{"href":"https:\/\/www.chateau-realdor.fr\/en\/wp-json\/wp\/v2\/types\/page\/"}],"author":[{"embeddable":true,"href":"https:\/\/www.chateau-realdor.fr\/en\/wp-json\/wp\/v2\/users\/9\/"}],"replies":[{"embeddable":true,"href":"https:\/\/www.chateau-realdor.fr\/en\/wp-json\/wp\/v2\/comments\/?post=11250"}],"version-history":[{"count":5,"href":"https:\/\/www.chateau-realdor.fr\/en\/wp-json\/wp\/v2\/pages\/11250\/revisions\/"}],"predecessor-version":[{"id":11394,"href":"https:\/\/www.chateau-realdor.fr\/en\/wp-json\/wp\/v2\/pages\/11250\/revisions\/11394\/"}],"wp:attachment":[{"href":"https:\/\/www.chateau-realdor.fr\/en\/wp-json\/wp\/v2\/media\/?parent=11250"}],"curies":[{"name":"wp","href":"https:\/\/api.w.org\/{rel}","templated":true}]}}