{"id":11246,"date":"2019-01-04T14:51:26","date_gmt":"2019-01-04T13:51:26","guid":{"rendered":"https:\/\/www.chateau-realdor.fr\/the-var-a-unique-environment-for-quality-wines\/"},"modified":"2019-01-09T17:23:50","modified_gmt":"2019-01-09T16:23:50","slug":"domain-region","status":"publish","type":"page","link":"https:\/\/www.chateau-realdor.fr\/en\/domain-region\/","title":{"rendered":"The Var region, a unique environment for quality wines"},"content":{"rendered":"<p>[vc_row row_type=&#8221;parallax&#8221; content_text_aligment=&#8221;center&#8221; parallax_background_image=&#8221;11061&#8243; css=&#8221;.vc_custom_1546530286594{padding-top: 10px !important;}&#8221;][vc_column css=&#8221;.vc_custom_1474285720223{padding-top: 0px !important;}&#8221;]<div class=\"eltdf-elements-holder eltdf-responsive-mode-768\" ><div class=\"eltdf-eh-item \" data-item-class=\"eltdf-eh-custom-294185\" data-1280-1600=\"111px 20% 120px 20%\" data-1024-1280=\"111px 15% 120px 15%\" data-768-1024=\"111px 6% 120px 6%\" data-600-768=\"111px 6% 120px 6%\" data-480-600=\"111px 5% 120px 5%\" data-480=\"111px 5% 120px 5%\" >\n\t<div class=\"eltdf-eh-item-inner\" >\n\t\t<div class=\"eltdf-eh-item-content eltdf-eh-custom-294185\" style=\"padding: 111px 26% 120px 26%\">\n\t\t\t[vc_empty_space height=&#8221;60px&#8221;]<div class=\"eltdf-section-title-holder\" >\n\t\t\t<h2 class=\"eltdf-st-title\" style=\"color: #ffffff\">\n\t\t\t<span> \u00ab WHERE DONKEYS FLY \u00bb <\/span>\n\t\t<\/h2>\n                    <div class=\"eltdf-st-separator clearfix\">\n                <div class=\"eltdf-separator\" ><\/div>\n            <\/div>\n        \t\t\t\t\t<p class=\"eltdf-st-text\" style=\"color: #ffffff\">Chateau R\u00e9al D\u2019Or is in the village of Gonfaron, C\u00f4te de Provence. Nestled at the foot of the Massif des Maures, surrounded by oak forests and majestic centuries-old pine trees, our vineyard is protected from the infamous Mistral winds.<\/p>\n\t<\/div>[vc_empty_space height=&#8221;60px&#8221;]\t\t<\/div>\n\t<\/div>\n\t<\/div><\/div>[\/vc_column][\/vc_row][vc_row row_type=&#8221;parallax&#8221; content_text_aligment=&#8221;center&#8221; parallax_background_image=&#8221;11064&#8243; css=&#8221;.vc_custom_1546530455607{padding-top: 5px !important;}&#8221;][vc_column css=&#8221;.vc_custom_1474285720223{padding-top: 0px !important;}&#8221;]<div class=\"eltdf-elements-holder eltdf-responsive-mode-768\" ><div class=\"eltdf-eh-item \" data-item-class=\"eltdf-eh-custom-432402\" data-1280-1600=\"111px 20% 120px 20%\" data-1024-1280=\"111px 15% 120px 15%\" data-768-1024=\"111px 6% 120px 6%\" data-600-768=\"111px 6% 120px 6%\" data-480-600=\"111px 5% 120px 5%\" data-480=\"111px 5% 120px 5%\" >\n\t<div class=\"eltdf-eh-item-inner\" >\n\t\t<div class=\"eltdf-eh-item-content eltdf-eh-custom-432402\" style=\"padding: 111px 26% 120px 26%\">\n\t\t\t[vc_empty_space height=&#8221;60px&#8221;]<div class=\"eltdf-section-title-holder\" >\n\t\t\t<h2 class=\"eltdf-st-title\" >\n\t\t\t<span>A UNIQUE PLACE<\/span>\n\t\t<\/h2>\n                    <div class=\"eltdf-st-separator clearfix\">\n                <div class=\"eltdf-separator\" style=\"border-color: #808080\"><\/div>\n            <\/div>\n        \t\t\t\t\t<p class=\"eltdf-st-text\" style=\"color: #808080\">The diversity of the soil contributes to the richness and complexity of our wines. A mixture of shale, red sandstone, quartzite, and limestone-clay gives each grape the nutrients it needs to flourish. The Mediterranean climate \u2013 mild and sunny \u2013 provides between 2,700 and 3,000 hours of sunshine per year.&lt;br \/&gt;\nThe estate occupies 66 hectares, of which 30 are vines in one piece. The domain is conducted in reasoned agriculture.<\/p>\n\t<\/div>[vc_empty_space height=&#8221;60px&#8221;]\t\t<\/div>\n\t<\/div>\n\t<\/div><\/div>[\/vc_column][\/vc_row][vc_row row_type=&#8221;parallax&#8221; content_text_aligment=&#8221;center&#8221; parallax_background_image=&#8221;11062&#8243; css=&#8221;.vc_custom_1546530347126{padding-top: 8px !important;}&#8221;][vc_column css=&#8221;.vc_custom_1474285720223{padding-top: 0px !important;}&#8221;]<div class=\"eltdf-elements-holder eltdf-responsive-mode-768\" ><div class=\"eltdf-eh-item \" data-item-class=\"eltdf-eh-custom-260686\" data-1280-1600=\"111px 20% 120px 20%\" data-1024-1280=\"111px 15% 120px 15%\" data-768-1024=\"111px 6% 120px 6%\" data-600-768=\"111px 6% 120px 6%\" data-480-600=\"111px 5% 120px 5%\" data-480=\"111px 5% 120px 5%\" >\n\t<div class=\"eltdf-eh-item-inner\" >\n\t\t<div class=\"eltdf-eh-item-content eltdf-eh-custom-260686\" style=\"padding: 111px 26% 120px 26%\">\n\t\t\t[vc_empty_space height=&#8221;60px&#8221;]<div class=\"eltdf-section-title-holder\" >\n\t\t\t<h2 class=\"eltdf-st-title\" style=\"color: #ffffff\">\n\t\t\t<span>A GUARANTEE OF QUALITY<\/span>\n\t\t<\/h2>\n                    <div class=\"eltdf-st-separator clearfix\">\n                <div class=\"eltdf-separator\" ><\/div>\n            <\/div>\n        \t\t\t\t\t<p class=\"eltdf-st-text\" style=\"color: #ffffff\">Surrounded by the Aille River and R\u00e9al Creek, the vineyard is protected from possible water stresses. The large thermal amplitudes are an additional guarantee of quality. The yields oscillate around 35hl \/ ha.<\/p>\n\t<\/div>[vc_empty_space height=&#8221;60px&#8221;]\t\t<\/div>\n\t<\/div>\n\t<\/div><\/div>[\/vc_column][\/vc_row]<\/p>\n","protected":false},"excerpt":{"rendered":"<p>[vc_row row_type=&#8221;parallax&#8221; content_text_aligment=&#8221;center&#8221; parallax_background_image=&#8221;11061&#8243; css=&#8221;.vc_custom_1546530286594{padding-top: 10px !important;}&#8221;][vc_column css=&#8221;.vc_custom_1474285720223{padding-top: 0px !important;}&#8221;][\/vc_column][\/vc_row][vc_row row_type=&#8221;parallax&#8221; content_text_aligment=&#8221;center&#8221; parallax_background_image=&#8221;11064&#8243; css=&#8221;.vc_custom_1546530455607{padding-top: 5px !important;}&#8221;][vc_column css=&#8221;.vc_custom_1474285720223{padding-top: 0px !important;}&#8221;][\/vc_column][\/vc_row][vc_row row_type=&#8221;parallax&#8221; content_text_aligment=&#8221;center&#8221; parallax_background_image=&#8221;11062&#8243; css=&#8221;.vc_custom_1546530347126{padding-top: 8px !important;}&#8221;][vc_column css=&#8221;.vc_custom_1474285720223{padding-top: 0px !important;}&#8221;][\/vc_column][\/vc_row]<\/p>\n","protected":false},"author":9,"featured_media":0,"parent":0,"menu_order":0,"comment_status":"closed","ping_status":"closed","template":"full-width.php","meta":{"footnotes":""},"yoast_head":"<!-- This site is optimized with the Yoast SEO plugin v19.13 - https:\/\/yoast.com\/wordpress\/plugins\/seo\/ -->\n<title>Ch\u00e2teau R\u00e9al d&#039;Or, a unique environment for quality wines<\/title>\n<meta name=\"description\" content=\"Located in the village of Gonfaron in the Var in Provence (France), discover the environment of the Ch\u00e2teau R\u00e9al d&#039;Or vineyard, a pledge of quality for our wines.\" \/>\n<meta name=\"robots\" content=\"index, follow, max-snippet:-1, max-image-preview:large, max-video-preview:-1\" \/>\n<link rel=\"canonical\" href=\"https:\/\/www.chateau-realdor.fr\/domain-region\/\" \/>\n<meta property=\"og:locale\" content=\"fr_FR\" \/>\n<meta property=\"og:type\" content=\"article\" \/>\n<meta property=\"og:title\" content=\"Ch\u00e2teau R\u00e9al d&#039;Or, a unique environment for quality wines\" \/>\n<meta property=\"og:description\" content=\"Located in the village of Gonfaron in the Var in Provence (France), discover the environment of the Ch\u00e2teau R\u00e9al d&#039;Or vineyard, a pledge of quality for our wines.\" \/>\n<meta property=\"og:url\" content=\"https:\/\/www.chateau-realdor.fr\/en\/domain-region\/\" \/>\n<meta property=\"og:site_name\" content=\"Chateau R\u00e9al d&#039;Or - C\u00f4tes de Provence\" \/>\n<meta property=\"article:publisher\" content=\"https:\/\/www.facebook.com\/people\/Chateau-Real-DOr-Gonfaron\/100087514419271\" \/>\n<meta property=\"article:modified_time\" content=\"2019-01-09T16:23:50+00:00\" \/>\n<meta name=\"twitter:card\" content=\"summary_large_image\" \/>\n<meta name=\"twitter:label1\" content=\"Dur\u00e9e de lecture estim\u00e9e\" \/>\n\t<meta name=\"twitter:data1\" content=\"2 minutes\" \/>\n<script type=\"application\/ld+json\" class=\"yoast-schema-graph\">{\"@context\":\"https:\/\/schema.org\",\"@graph\":[{\"@type\":\"WebPage\",\"@id\":\"https:\/\/www.chateau-realdor.fr\/en\/domain-region\/\",\"url\":\"https:\/\/www.chateau-realdor.fr\/en\/domain-region\/\",\"name\":\"Ch\u00e2teau R\u00e9al d'Or, a unique environment for quality wines\",\"isPartOf\":{\"@id\":\"https:\/\/www.chateau-realdor.fr\/#website\"},\"datePublished\":\"2019-01-04T13:51:26+00:00\",\"dateModified\":\"2019-01-09T16:23:50+00:00\",\"description\":\"Located in the village of Gonfaron in the Var in Provence (France), discover the environment of the Ch\u00e2teau R\u00e9al d'Or vineyard, a pledge of quality for our wines.\",\"breadcrumb\":{\"@id\":\"https:\/\/www.chateau-realdor.fr\/en\/domain-region\/#breadcrumb\"},\"inLanguage\":\"fr-FR\",\"potentialAction\":[{\"@type\":\"ReadAction\",\"target\":[\"https:\/\/www.chateau-realdor.fr\/en\/domain-region\/\"]}]},{\"@type\":\"BreadcrumbList\",\"@id\":\"https:\/\/www.chateau-realdor.fr\/en\/domain-region\/#breadcrumb\",\"itemListElement\":[{\"@type\":\"ListItem\",\"position\":1,\"name\":\"Accueil\",\"item\":\"https:\/\/www.chateau-realdor.fr\/\"},{\"@type\":\"ListItem\",\"position\":2,\"name\":\"The Var region, a unique environment for quality wines\"}]},{\"@type\":\"WebSite\",\"@id\":\"https:\/\/www.chateau-realdor.fr\/#website\",\"url\":\"https:\/\/www.chateau-realdor.fr\/\",\"name\":\"Chateau R\u00e9al d&#039;Or - C\u00f4tes de Provence\",\"description\":\"D\u2019hier \u00e0 aujourd\u2019hui C\u2019est en 1946, que f\u00fbt plant\u00e9 les premi\u00e8res vignes du \u00ab Ch\u00e2teau R\u00e9al d\u2019Or \u00bb. Situ\u00e9 dans le triangle d\u2019or, au c\u0153ur de la plaine des Maures, notre domaine de 30 hectares plant\u00e9s est d\u2019un seul tenant.\",\"publisher\":{\"@id\":\"https:\/\/www.chateau-realdor.fr\/#organization\"},\"potentialAction\":[{\"@type\":\"SearchAction\",\"target\":{\"@type\":\"EntryPoint\",\"urlTemplate\":\"https:\/\/www.chateau-realdor.fr\/?s={search_term_string}\"},\"query-input\":\"required name=search_term_string\"}],\"inLanguage\":\"fr-FR\"},{\"@type\":\"Organization\",\"@id\":\"https:\/\/www.chateau-realdor.fr\/#organization\",\"name\":\"Ch\u00e2teau R\u00e9al d'Or\",\"url\":\"https:\/\/www.chateau-realdor.fr\/\",\"logo\":{\"@type\":\"ImageObject\",\"inLanguage\":\"fr-FR\",\"@id\":\"https:\/\/www.chateau-realdor.fr\/#\/schema\/logo\/image\/\",\"url\":\"https:\/\/www.chateau-realdor.fr\/wp-content\/uploads\/2019\/01\/logo-chateau-real-dor-gris.png\",\"contentUrl\":\"https:\/\/www.chateau-realdor.fr\/wp-content\/uploads\/2019\/01\/logo-chateau-real-dor-gris.png\",\"width\":350,\"height\":133,\"caption\":\"Ch\u00e2teau R\u00e9al d'Or\"},\"image\":{\"@id\":\"https:\/\/www.chateau-realdor.fr\/#\/schema\/logo\/image\/\"},\"sameAs\":[\"https:\/\/www.instagram.com\/chateau_realdor_gonfaron\/\",\"https:\/\/www.linkedin.com\/company\/chteau-ral-dor\/about\/\",\"https:\/\/www.facebook.com\/people\/Chateau-Real-DOr-Gonfaron\/100087514419271\"]}]}<\/script>\n<!-- \/ Yoast SEO plugin. -->","yoast_head_json":{"title":"Ch\u00e2teau R\u00e9al d'Or, a unique environment for quality wines","description":"Located in the village of Gonfaron in the Var in Provence (France), discover the environment of the Ch\u00e2teau R\u00e9al d'Or vineyard, a pledge of quality for our wines.","robots":{"index":"index","follow":"follow","max-snippet":"max-snippet:-1","max-image-preview":"max-image-preview:large","max-video-preview":"max-video-preview:-1"},"canonical":"https:\/\/www.chateau-realdor.fr\/domain-region\/","og_locale":"fr_FR","og_type":"article","og_title":"Ch\u00e2teau R\u00e9al d'Or, a unique environment for quality wines","og_description":"Located in the village of Gonfaron in the Var in Provence (France), discover the environment of the Ch\u00e2teau R\u00e9al d'Or vineyard, a pledge of quality for our wines.","og_url":"https:\/\/www.chateau-realdor.fr\/en\/domain-region\/","og_site_name":"Chateau R\u00e9al d&#039;Or - C\u00f4tes de Provence","article_publisher":"https:\/\/www.facebook.com\/people\/Chateau-Real-DOr-Gonfaron\/100087514419271","article_modified_time":"2019-01-09T16:23:50+00:00","twitter_card":"summary_large_image","twitter_misc":{"Dur\u00e9e de lecture estim\u00e9e":"2 minutes"},"schema":{"@context":"https:\/\/schema.org","@graph":[{"@type":"WebPage","@id":"https:\/\/www.chateau-realdor.fr\/en\/domain-region\/","url":"https:\/\/www.chateau-realdor.fr\/en\/domain-region\/","name":"Ch\u00e2teau R\u00e9al d'Or, a unique environment for quality wines","isPartOf":{"@id":"https:\/\/www.chateau-realdor.fr\/#website"},"datePublished":"2019-01-04T13:51:26+00:00","dateModified":"2019-01-09T16:23:50+00:00","description":"Located in the village of Gonfaron in the Var in Provence (France), discover the environment of the Ch\u00e2teau R\u00e9al d'Or vineyard, a pledge of quality for our wines.","breadcrumb":{"@id":"https:\/\/www.chateau-realdor.fr\/en\/domain-region\/#breadcrumb"},"inLanguage":"fr-FR","potentialAction":[{"@type":"ReadAction","target":["https:\/\/www.chateau-realdor.fr\/en\/domain-region\/"]}]},{"@type":"BreadcrumbList","@id":"https:\/\/www.chateau-realdor.fr\/en\/domain-region\/#breadcrumb","itemListElement":[{"@type":"ListItem","position":1,"name":"Accueil","item":"https:\/\/www.chateau-realdor.fr\/"},{"@type":"ListItem","position":2,"name":"The Var region, a unique environment for quality wines"}]},{"@type":"WebSite","@id":"https:\/\/www.chateau-realdor.fr\/#website","url":"https:\/\/www.chateau-realdor.fr\/","name":"Chateau R\u00e9al d&#039;Or - C\u00f4tes de Provence","description":"D\u2019hier \u00e0 aujourd\u2019hui C\u2019est en 1946, que f\u00fbt plant\u00e9 les premi\u00e8res vignes du \u00ab Ch\u00e2teau R\u00e9al d\u2019Or \u00bb. Situ\u00e9 dans le triangle d\u2019or, au c\u0153ur de la plaine des Maures, notre domaine de 30 hectares plant\u00e9s est d\u2019un seul tenant.","publisher":{"@id":"https:\/\/www.chateau-realdor.fr\/#organization"},"potentialAction":[{"@type":"SearchAction","target":{"@type":"EntryPoint","urlTemplate":"https:\/\/www.chateau-realdor.fr\/?s={search_term_string}"},"query-input":"required name=search_term_string"}],"inLanguage":"fr-FR"},{"@type":"Organization","@id":"https:\/\/www.chateau-realdor.fr\/#organization","name":"Ch\u00e2teau R\u00e9al d'Or","url":"https:\/\/www.chateau-realdor.fr\/","logo":{"@type":"ImageObject","inLanguage":"fr-FR","@id":"https:\/\/www.chateau-realdor.fr\/#\/schema\/logo\/image\/","url":"https:\/\/www.chateau-realdor.fr\/wp-content\/uploads\/2019\/01\/logo-chateau-real-dor-gris.png","contentUrl":"https:\/\/www.chateau-realdor.fr\/wp-content\/uploads\/2019\/01\/logo-chateau-real-dor-gris.png","width":350,"height":133,"caption":"Ch\u00e2teau R\u00e9al d'Or"},"image":{"@id":"https:\/\/www.chateau-realdor.fr\/#\/schema\/logo\/image\/"},"sameAs":["https:\/\/www.instagram.com\/chateau_realdor_gonfaron\/","https:\/\/www.linkedin.com\/company\/chteau-ral-dor\/about\/","https:\/\/www.facebook.com\/people\/Chateau-Real-DOr-Gonfaron\/100087514419271"]}]}},"_links":{"self":[{"href":"https:\/\/www.chateau-realdor.fr\/en\/wp-json\/wp\/v2\/pages\/11246\/"}],"collection":[{"href":"https:\/\/www.chateau-realdor.fr\/en\/wp-json\/wp\/v2\/pages\/"}],"about":[{"href":"https:\/\/www.chateau-realdor.fr\/en\/wp-json\/wp\/v2\/types\/page\/"}],"author":[{"embeddable":true,"href":"https:\/\/www.chateau-realdor.fr\/en\/wp-json\/wp\/v2\/users\/9\/"}],"replies":[{"embeddable":true,"href":"https:\/\/www.chateau-realdor.fr\/en\/wp-json\/wp\/v2\/comments\/?post=11246"}],"version-history":[{"count":3,"href":"https:\/\/www.chateau-realdor.fr\/en\/wp-json\/wp\/v2\/pages\/11246\/revisions\/"}],"predecessor-version":[{"id":11356,"href":"https:\/\/www.chateau-realdor.fr\/en\/wp-json\/wp\/v2\/pages\/11246\/revisions\/11356\/"}],"wp:attachment":[{"href":"https:\/\/www.chateau-realdor.fr\/en\/wp-json\/wp\/v2\/media\/?parent=11246"}],"curies":[{"name":"wp","href":"https:\/\/api.w.org\/{rel}","templated":true}]}}