{"id":11238,"date":"2019-01-04T12:02:07","date_gmt":"2019-01-04T11:02:07","guid":{"rendered":"https:\/\/www.chateau-realdor.fr\/contact\/"},"modified":"2019-01-30T15:31:28","modified_gmt":"2019-01-30T14:31:28","slug":"contact","status":"publish","type":"page","link":"https:\/\/www.chateau-realdor.fr\/en\/contact\/","title":{"rendered":"Contact"},"content":{"rendered":"<p>[vc_row][vc_column][vc_gmaps link=&#8221;#E-8_JTNDaWZyYW1lJTIwc3JjJTNEJTIyaHR0cHMlM0ElMkYlMkZ3d3cuZ29vZ2xlLmNvbSUyRm1hcHMlMkZlbWJlZCUzRnBiJTNEJTIxMW0xOCUyMTFtMTIlMjExbTMlMjExZDEwMTY3LjE0NjQ3NTgxNjgxOSUyMTJkNi4zMjQ4MDgxMjE1MjU2MjMlMjEzZDQzLjMyNDEyOTg0MDEyMTk1NSUyMTJtMyUyMTFmMCUyMTJmMCUyMTNmMCUyMTNtMiUyMTFpMTAyNCUyMTJpNzY4JTIxNGYxMy4xJTIxM20zJTIxMW0yJTIxMXMweDAlMjUzQTB4ZjkxNWVkOTU5ZjYyYzVlMiUyMTJ6UTJqRG9uUmxZWFVnVXNPcFlXd2daQ2RQY2clMjE1ZTAlMjEzbTIlMjExc2ZyJTIxMnNmciUyMTR2MTU0NjU5ODE0NDk2NyUyMiUyMHdpZHRoJTNEJTIyNjAwJTIyJTIwaGVpZ2h0JTNEJTIyNDUwJTIyJTIwZnJhbWVib3JkZXIlM0QlMjIwJTIyJTIwc3R5bGUlM0QlMjJib3JkZXIlM0EwJTIyJTIwYWxsb3dmdWxsc2NyZWVuJTNFJTNDJTJGaWZyYW1lJTNF&#8221; css_animation=&#8221;fadeIn&#8221;][\/vc_column][\/vc_row][vc_row row_content_width=&#8221;grid&#8221; css=&#8221;.vc_custom_1492072018474{padding-top: 147px !important;}&#8221;][vc_column]<div class=\"eltdf-elements-holder eltdf-responsive-mode-768\" ><div class=\"eltdf-eh-item eltdf-horizontal-alignment-center\" data-item-class=\"eltdf-eh-custom-369939\" data-1024-1280=\"0 33% 0\" data-768-1024=\"0 27% 0\" data-600-768=\"0 19% 0\" data-480=\"0 0% 0\" >\n\t<div class=\"eltdf-eh-item-inner\" >\n\t\t<div class=\"eltdf-eh-item-content eltdf-eh-custom-369939\" style=\"padding: 0 32% 0 32%\">\n\t\t\t<div class=\"eltdf-section-title-holder\" >\n\t\t\t<h2 class=\"eltdf-st-title\" >\n\t\t\t<span>CONTACT US<\/span>\n\t\t<\/h2>\n                    <div class=\"eltdf-st-separator clearfix\">\n                <div class=\"eltdf-separator\" ><\/div>\n            <\/div>\n        \t\t\t<\/div>[vc_column_text]<\/p>\n<p style=\"text-align: center;\"><strong>Ch\u00e2teau R\u00e9al d&#8217;Or,<\/strong><br \/>\nRoute des Mayons &#8211; La Tuili\u00e8re,<br \/>\n83590 GONFARON<\/p>\n<p style=\"text-align: center;\"><strong>Phone :\u00a0<\/strong>+33 (0)4 94 60 00 56<\/p>\n<p>[\/vc_column_text][vc_empty_space height=&#8221;100&#8243;]\t\t<\/div>\n\t<\/div>\n\t<\/div><\/div>[vc_separator][vc_empty_space height=&#8221;100&#8243;][\/vc_column][\/vc_row][vc_row][vc_column width=&#8221;1\/3&#8243;][vc_column_text]<\/p>\n<h4 class=\"et_pb_module_header\" style=\"text-align: center;\">Mr. Fran\u00e7ois Lethier<\/h4>\n<p class=\"et_pb_member_position\" style=\"text-align: center;\">Owner<\/p>\n<p style=\"text-align: center;\"><span class=\"s1\">+33 (0)6.33.50.16.08<\/span><br \/>\n<span class=\"s2\"><a href=\"mailto:fylethier@fylracingteam.com\">fylethier@fylracingteam.com<\/a><\/span><\/p>\n<p>[\/vc_column_text][\/vc_column][vc_column width=&#8221;1\/3&#8243;][vc_column_text]<\/p>\n<h4 class=\"et_pb_module_header\" style=\"text-align: center;\">Ms. Murielle Schlicklin<\/h4>\n<p class=\"et_pb_member_position\" style=\"text-align: center;\">Mistress of cellar<\/p>\n<p style=\"text-align: center;\"><span class=\"s1\">+33 (0)4.94.99.61.24<\/span><br \/>\n<a href=\"mailto:cave@chateau-realdor.fr\">cave@chateau-realdor.fr<\/a><\/p>\n<p>[\/vc_column_text][\/vc_column][vc_column width=&#8221;1\/3&#8243;][vc_column_text]<\/p>\n<h4 class=\"et_pb_module_header\" style=\"text-align: center;\">Ms. Marjorie Lagarde<\/h4>\n<p class=\"et_pb_member_position\" style=\"text-align: center;\">Secretary \/ Accountant<\/p>\n<p style=\"text-align: center;\"><span class=\"s1\">+33 (0)4.94.60.00.56<\/span><br \/>\n<span class=\"s2\"><a href=\"mailto:secretariat@chateau-realdor.fr\">secretariat@chateau-realdor.fr<\/a><\/span><\/p>\n<p>[\/vc_column_text][\/vc_column][\/vc_row][vc_row row_content_width=&#8221;grid&#8221; css=&#8221;.vc_custom_1491920222332{padding-top: 55px !important;padding-bottom: 120px !important;}&#8221;][vc_column][vc_empty_space height=&#8221;30&#8243;][vc_separator][vc_empty_space height=&#8221;100&#8243;]<div class=\"eltdf-section-title-holder\" style=\"text-align: left\">\n\t\t\t<h2 class=\"eltdf-st-title\" >\n\t\t\t<span>CONTACT FORM<\/span>\n\t\t<\/h2>\n                    <div class=\"eltdf-st-separator clearfix\">\n                <div class=\"eltdf-separator\" style=\"margin-bottom: 20px\"><\/div>\n            <\/div>\n        \t\t\t<\/div><div class=\"wpcf7 no-js\" id=\"wpcf7-f11402-o1\" lang=\"en-US\" dir=\"ltr\">\n<div class=\"screen-reader-response\"><p role=\"status\" aria-live=\"polite\" aria-atomic=\"true\"><\/p> <ul><\/ul><\/div>\n<form action=\"\/en\/wp-json\/wp\/v2\/pages\/11238\/#wpcf7-f11402-o1\" method=\"post\" class=\"wpcf7-form init\" aria-label=\"Formulaire de contact\" novalidate=\"novalidate\" data-status=\"init\">\n<div style=\"display: none;\">\n<input type=\"hidden\" name=\"_wpcf7\" value=\"11402\" \/>\n<input type=\"hidden\" name=\"_wpcf7_version\" value=\"5.7.2\" \/>\n<input type=\"hidden\" name=\"_wpcf7_locale\" value=\"en_US\" \/>\n<input type=\"hidden\" name=\"_wpcf7_unit_tag\" value=\"wpcf7-f11402-o1\" \/>\n<input type=\"hidden\" name=\"_wpcf7_container_post\" value=\"0\" \/>\n<input type=\"hidden\" name=\"_wpcf7_posted_data_hash\" value=\"\" \/>\n<\/div>\n<div class=\"eltdf-two-columns-50-50 clearfix\">\n\t<div class=\"eltdf-two-columns-50-50-inner\">\n\t\t<div class=\"eltdf-column\">\n\t\t\t<div class=\"eltdf-column-inner\">\n\t\t\t\t<p><span class=\"wpcf7-form-control-wrap\" data-name=\"first-name\"><input size=\"40\" class=\"wpcf7-form-control wpcf7-text wpcf7-validates-as-required\" aria-required=\"true\" aria-invalid=\"false\" placeholder=\"Your name\" value=\"\" type=\"text\" name=\"first-name\" \/><\/span>\n\t\t\t\t<\/p>\n\t\t\t<\/div>\n\t\t<\/div>\n\t\t<div class=\"eltdf-column\">\n\t\t\t<div class=\"eltdf-column-inner\">\n\t\t\t\t<p><span class=\"wpcf7-form-control-wrap\" data-name=\"your-email\"><input size=\"40\" class=\"wpcf7-form-control wpcf7-text wpcf7-email wpcf7-validates-as-required wpcf7-validates-as-email\" aria-required=\"true\" aria-invalid=\"false\" value=\"Your e-mail\" type=\"email\" name=\"your-email\" \/><\/span>\n\t\t\t\t<\/p>\n\t\t\t<\/div>\n\t\t<\/div>\n\t<\/div>\n\t<div>\n\t\t<p><span class=\"wpcf7-form-control-wrap\" data-name=\"your-subject\"><input size=\"40\" class=\"wpcf7-form-control wpcf7-text wpcf7-validates-as-required\" aria-required=\"true\" aria-invalid=\"false\" placeholder=\"Subject of your request\" value=\"\" type=\"text\" name=\"your-subject\" \/><\/span>\n\t\t<\/p>\n\t<\/div>\n<\/div>\n<div>\n\t<p><span class=\"wpcf7-form-control-wrap\" data-name=\"your-message\"><textarea cols=\"40\" rows=\"6\" class=\"wpcf7-form-control wpcf7-textarea\" aria-invalid=\"false\" placeholder=\"Votre message\" name=\"your-message\"><\/textarea><\/span>\n\t<\/p>\n<\/div>\n<div>\n\t<p><span class=\"wpcf7-form-control-wrap\" data-name=\"checkbox-667\"><span class=\"wpcf7-form-control wpcf7-checkbox wpcf7-validates-as-required\"><span class=\"wpcf7-list-item first last\"><input type=\"checkbox\" name=\"checkbox-667[]\" value=\"I agree to be contacted by the company Ch\u00e2teau R\u00e9al d&#039;Or concerning my request.\" tabindex=\"\" \/><span class=\"wpcf7-list-item-label\">I agree to be contacted by the company Ch\u00e2teau R\u00e9al d&#039;Or concerning my request.<\/span><\/span><\/span><\/span>\n\t<\/p>\n<\/div>\n<div>\n\t<p><input class=\"wpcf7-form-control has-spinner wpcf7-submit\" type=\"submit\" value=\"Send\" \/>\n\t<\/p>\n<\/div><div class=\"wpcf7-response-output\" aria-hidden=\"true\"><\/div><\/form><\/div>[\/vc_column][\/vc_row]<\/p>\n","protected":false},"excerpt":{"rendered":"<p>[vc_row][vc_column][vc_gmaps link=&#8221;#E-8_JTNDaWZyYW1lJTIwc3JjJTNEJTIyaHR0cHMlM0ElMkYlMkZ3d3cuZ29vZ2xlLmNvbSUyRm1hcHMlMkZlbWJlZCUzRnBiJTNEJTIxMW0xOCUyMTFtMTIlMjExbTMlMjExZDEwMTY3LjE0NjQ3NTgxNjgxOSUyMTJkNi4zMjQ4MDgxMjE1MjU2MjMlMjEzZDQzLjMyNDEyOTg0MDEyMTk1NSUyMTJtMyUyMTFmMCUyMTJmMCUyMTNmMCUyMTNtMiUyMTFpMTAyNCUyMTJpNzY4JTIxNGYxMy4xJTIxM20zJTIxMW0yJTIxMXMweDAlMjUzQTB4ZjkxNWVkOTU5ZjYyYzVlMiUyMTJ6UTJqRG9uUmxZWFVnVXNPcFlXd2daQ2RQY2clMjE1ZTAlMjEzbTIlMjExc2ZyJTIxMnNmciUyMTR2MTU0NjU5ODE0NDk2NyUyMiUyMHdpZHRoJTNEJTIyNjAwJTIyJTIwaGVpZ2h0JTNEJTIyNDUwJTIyJTIwZnJhbWVib3JkZXIlM0QlMjIwJTIyJTIwc3R5bGUlM0QlMjJib3JkZXIlM0EwJTIyJTIwYWxsb3dmdWxsc2NyZWVuJTNFJTNDJTJGaWZyYW1lJTNF&#8221; css_animation=&#8221;fadeIn&#8221;][\/vc_column][\/vc_row][vc_row row_content_width=&#8221;grid&#8221; css=&#8221;.vc_custom_1492072018474{padding-top: 147px !important;}&#8221;][vc_column][vc_separator][vc_empty_space height=&#8221;100&#8243;][\/vc_column][\/vc_row][vc_row][vc_column width=&#8221;1\/3&#8243;][vc_column_text] Mr. Fran\u00e7ois Lethier Owner +33 (0)6.33.50.16.08 fylethier@fylracingteam.com [\/vc_column_text][\/vc_column][vc_column width=&#8221;1\/3&#8243;][vc_column_text] Ms. Murielle Schlicklin Mistress of cellar +33 (0)4.94.99.61.24 cave@chateau-realdor.fr [\/vc_column_text][\/vc_column][vc_column width=&#8221;1\/3&#8243;][vc_column_text] Ms. Marjorie Lagarde Secretary \/ Accountant +33 (0)4.94.60.00.56 secretariat@chateau-realdor.fr [\/vc_column_text][\/vc_column][\/vc_row][vc_row row_content_width=&#8221;grid&#8221; css=&#8221;.vc_custom_1491920222332{padding-top: 55px !important;padding-bottom: 120px !important;}&#8221;][vc_column][vc_empty_space [&hellip;]<\/p>\n","protected":false},"author":9,"featured_media":0,"parent":0,"menu_order":0,"comment_status":"closed","ping_status":"closed","template":"full-width.php","meta":{"footnotes":""},"yoast_head":"<!-- This site is optimized with the Yoast SEO plugin v19.13 - https:\/\/yoast.com\/wordpress\/plugins\/seo\/ -->\n<title>Contact Ch\u00e2teau R\u00e9al d&#039;Or, vineyard in the Var in France<\/title>\n<meta name=\"description\" content=\"You have a question about our domain, our wines, our events ... Contact us! We will be happy to answer you.\" \/>\n<meta name=\"robots\" content=\"index, follow, max-snippet:-1, max-image-preview:large, max-video-preview:-1\" \/>\n<link rel=\"canonical\" href=\"https:\/\/www.chateau-realdor.fr\/contact\/\" \/>\n<meta property=\"og:locale\" content=\"fr_FR\" \/>\n<meta property=\"og:type\" content=\"article\" \/>\n<meta property=\"og:title\" content=\"Contact Ch\u00e2teau R\u00e9al d&#039;Or, vineyard in the Var in France\" \/>\n<meta property=\"og:description\" content=\"You have a question about our domain, our wines, our events ... Contact us! We will be happy to answer you.\" \/>\n<meta property=\"og:url\" content=\"https:\/\/www.chateau-realdor.fr\/en\/contact\/\" \/>\n<meta property=\"og:site_name\" content=\"Chateau R\u00e9al d&#039;Or - C\u00f4tes de Provence\" \/>\n<meta property=\"article:publisher\" content=\"https:\/\/www.facebook.com\/people\/Chateau-Real-DOr-Gonfaron\/100087514419271\" \/>\n<meta property=\"article:modified_time\" content=\"2019-01-30T14:31:28+00:00\" \/>\n<meta name=\"twitter:card\" content=\"summary_large_image\" \/>\n<meta name=\"twitter:label1\" content=\"Dur\u00e9e de lecture estim\u00e9e\" \/>\n\t<meta name=\"twitter:data1\" content=\"1 minute\" \/>\n<script type=\"application\/ld+json\" class=\"yoast-schema-graph\">{\"@context\":\"https:\/\/schema.org\",\"@graph\":[{\"@type\":\"WebPage\",\"@id\":\"https:\/\/www.chateau-realdor.fr\/en\/contact\/\",\"url\":\"https:\/\/www.chateau-realdor.fr\/en\/contact\/\",\"name\":\"Contact Ch\u00e2teau R\u00e9al d'Or, vineyard in the Var in France\",\"isPartOf\":{\"@id\":\"https:\/\/www.chateau-realdor.fr\/#website\"},\"datePublished\":\"2019-01-04T11:02:07+00:00\",\"dateModified\":\"2019-01-30T14:31:28+00:00\",\"description\":\"You have a question about our domain, our wines, our events ... Contact us! We will be happy to answer you.\",\"breadcrumb\":{\"@id\":\"https:\/\/www.chateau-realdor.fr\/en\/contact\/#breadcrumb\"},\"inLanguage\":\"fr-FR\",\"potentialAction\":[{\"@type\":\"ReadAction\",\"target\":[\"https:\/\/www.chateau-realdor.fr\/en\/contact\/\"]}]},{\"@type\":\"BreadcrumbList\",\"@id\":\"https:\/\/www.chateau-realdor.fr\/en\/contact\/#breadcrumb\",\"itemListElement\":[{\"@type\":\"ListItem\",\"position\":1,\"name\":\"Accueil\",\"item\":\"https:\/\/www.chateau-realdor.fr\/\"},{\"@type\":\"ListItem\",\"position\":2,\"name\":\"Contact\"}]},{\"@type\":\"WebSite\",\"@id\":\"https:\/\/www.chateau-realdor.fr\/#website\",\"url\":\"https:\/\/www.chateau-realdor.fr\/\",\"name\":\"Chateau R\u00e9al d&#039;Or - C\u00f4tes de Provence\",\"description\":\"D\u2019hier \u00e0 aujourd\u2019hui C\u2019est en 1946, que f\u00fbt plant\u00e9 les premi\u00e8res vignes du \u00ab Ch\u00e2teau R\u00e9al d\u2019Or \u00bb. Situ\u00e9 dans le triangle d\u2019or, au c\u0153ur de la plaine des Maures, notre domaine de 30 hectares plant\u00e9s est d\u2019un seul tenant.\",\"publisher\":{\"@id\":\"https:\/\/www.chateau-realdor.fr\/#organization\"},\"potentialAction\":[{\"@type\":\"SearchAction\",\"target\":{\"@type\":\"EntryPoint\",\"urlTemplate\":\"https:\/\/www.chateau-realdor.fr\/?s={search_term_string}\"},\"query-input\":\"required name=search_term_string\"}],\"inLanguage\":\"fr-FR\"},{\"@type\":\"Organization\",\"@id\":\"https:\/\/www.chateau-realdor.fr\/#organization\",\"name\":\"Ch\u00e2teau R\u00e9al d'Or\",\"url\":\"https:\/\/www.chateau-realdor.fr\/\",\"logo\":{\"@type\":\"ImageObject\",\"inLanguage\":\"fr-FR\",\"@id\":\"https:\/\/www.chateau-realdor.fr\/#\/schema\/logo\/image\/\",\"url\":\"https:\/\/www.chateau-realdor.fr\/wp-content\/uploads\/2019\/01\/logo-chateau-real-dor-gris.png\",\"contentUrl\":\"https:\/\/www.chateau-realdor.fr\/wp-content\/uploads\/2019\/01\/logo-chateau-real-dor-gris.png\",\"width\":350,\"height\":133,\"caption\":\"Ch\u00e2teau R\u00e9al d'Or\"},\"image\":{\"@id\":\"https:\/\/www.chateau-realdor.fr\/#\/schema\/logo\/image\/\"},\"sameAs\":[\"https:\/\/www.instagram.com\/chateau_realdor_gonfaron\/\",\"https:\/\/www.linkedin.com\/company\/chteau-ral-dor\/about\/\",\"https:\/\/www.facebook.com\/people\/Chateau-Real-DOr-Gonfaron\/100087514419271\"]}]}<\/script>\n<!-- \/ Yoast SEO plugin. -->","yoast_head_json":{"title":"Contact Ch\u00e2teau R\u00e9al d'Or, vineyard in the Var in France","description":"You have a question about our domain, our wines, our events ... Contact us! We will be happy to answer you.","robots":{"index":"index","follow":"follow","max-snippet":"max-snippet:-1","max-image-preview":"max-image-preview:large","max-video-preview":"max-video-preview:-1"},"canonical":"https:\/\/www.chateau-realdor.fr\/contact\/","og_locale":"fr_FR","og_type":"article","og_title":"Contact Ch\u00e2teau R\u00e9al d'Or, vineyard in the Var in France","og_description":"You have a question about our domain, our wines, our events ... Contact us! We will be happy to answer you.","og_url":"https:\/\/www.chateau-realdor.fr\/en\/contact\/","og_site_name":"Chateau R\u00e9al d&#039;Or - C\u00f4tes de Provence","article_publisher":"https:\/\/www.facebook.com\/people\/Chateau-Real-DOr-Gonfaron\/100087514419271","article_modified_time":"2019-01-30T14:31:28+00:00","twitter_card":"summary_large_image","twitter_misc":{"Dur\u00e9e de lecture estim\u00e9e":"1 minute"},"schema":{"@context":"https:\/\/schema.org","@graph":[{"@type":"WebPage","@id":"https:\/\/www.chateau-realdor.fr\/en\/contact\/","url":"https:\/\/www.chateau-realdor.fr\/en\/contact\/","name":"Contact Ch\u00e2teau R\u00e9al d'Or, vineyard in the Var in France","isPartOf":{"@id":"https:\/\/www.chateau-realdor.fr\/#website"},"datePublished":"2019-01-04T11:02:07+00:00","dateModified":"2019-01-30T14:31:28+00:00","description":"You have a question about our domain, our wines, our events ... Contact us! We will be happy to answer you.","breadcrumb":{"@id":"https:\/\/www.chateau-realdor.fr\/en\/contact\/#breadcrumb"},"inLanguage":"fr-FR","potentialAction":[{"@type":"ReadAction","target":["https:\/\/www.chateau-realdor.fr\/en\/contact\/"]}]},{"@type":"BreadcrumbList","@id":"https:\/\/www.chateau-realdor.fr\/en\/contact\/#breadcrumb","itemListElement":[{"@type":"ListItem","position":1,"name":"Accueil","item":"https:\/\/www.chateau-realdor.fr\/"},{"@type":"ListItem","position":2,"name":"Contact"}]},{"@type":"WebSite","@id":"https:\/\/www.chateau-realdor.fr\/#website","url":"https:\/\/www.chateau-realdor.fr\/","name":"Chateau R\u00e9al d&#039;Or - C\u00f4tes de Provence","description":"D\u2019hier \u00e0 aujourd\u2019hui C\u2019est en 1946, que f\u00fbt plant\u00e9 les premi\u00e8res vignes du \u00ab Ch\u00e2teau R\u00e9al d\u2019Or \u00bb. Situ\u00e9 dans le triangle d\u2019or, au c\u0153ur de la plaine des Maures, notre domaine de 30 hectares plant\u00e9s est d\u2019un seul tenant.","publisher":{"@id":"https:\/\/www.chateau-realdor.fr\/#organization"},"potentialAction":[{"@type":"SearchAction","target":{"@type":"EntryPoint","urlTemplate":"https:\/\/www.chateau-realdor.fr\/?s={search_term_string}"},"query-input":"required name=search_term_string"}],"inLanguage":"fr-FR"},{"@type":"Organization","@id":"https:\/\/www.chateau-realdor.fr\/#organization","name":"Ch\u00e2teau R\u00e9al d'Or","url":"https:\/\/www.chateau-realdor.fr\/","logo":{"@type":"ImageObject","inLanguage":"fr-FR","@id":"https:\/\/www.chateau-realdor.fr\/#\/schema\/logo\/image\/","url":"https:\/\/www.chateau-realdor.fr\/wp-content\/uploads\/2019\/01\/logo-chateau-real-dor-gris.png","contentUrl":"https:\/\/www.chateau-realdor.fr\/wp-content\/uploads\/2019\/01\/logo-chateau-real-dor-gris.png","width":350,"height":133,"caption":"Ch\u00e2teau R\u00e9al d'Or"},"image":{"@id":"https:\/\/www.chateau-realdor.fr\/#\/schema\/logo\/image\/"},"sameAs":["https:\/\/www.instagram.com\/chateau_realdor_gonfaron\/","https:\/\/www.linkedin.com\/company\/chteau-ral-dor\/about\/","https:\/\/www.facebook.com\/people\/Chateau-Real-DOr-Gonfaron\/100087514419271"]}]}},"_links":{"self":[{"href":"https:\/\/www.chateau-realdor.fr\/en\/wp-json\/wp\/v2\/pages\/11238\/"}],"collection":[{"href":"https:\/\/www.chateau-realdor.fr\/en\/wp-json\/wp\/v2\/pages\/"}],"about":[{"href":"https:\/\/www.chateau-realdor.fr\/en\/wp-json\/wp\/v2\/types\/page\/"}],"author":[{"embeddable":true,"href":"https:\/\/www.chateau-realdor.fr\/en\/wp-json\/wp\/v2\/users\/9\/"}],"replies":[{"embeddable":true,"href":"https:\/\/www.chateau-realdor.fr\/en\/wp-json\/wp\/v2\/comments\/?post=11238"}],"version-history":[{"count":12,"href":"https:\/\/www.chateau-realdor.fr\/en\/wp-json\/wp\/v2\/pages\/11238\/revisions\/"}],"predecessor-version":[{"id":11451,"href":"https:\/\/www.chateau-realdor.fr\/en\/wp-json\/wp\/v2\/pages\/11238\/revisions\/11451\/"}],"wp:attachment":[{"href":"https:\/\/www.chateau-realdor.fr\/en\/wp-json\/wp\/v2\/media\/?parent=11238"}],"curies":[{"name":"wp","href":"https:\/\/api.w.org\/{rel}","templated":true}]}}